{"id":24683,"date":"2022-04-04T10:51:30","date_gmt":"2022-04-04T09:51:30","guid":{"rendered":"https:\/\/www.funeraillescals.be\/uitvaart-regelen-met-logghe\/"},"modified":"2026-01-27T12:11:13","modified_gmt":"2026-01-27T11:11:13","slug":"organiser-des-funerailles-cals-sereni","status":"publish","type":"page","link":"https:\/\/www.funeraillescals.be\/fr\/organiser-des-funerailles-cals-sereni\/","title":{"rendered":"Organiser des fun\u00e9railles"},"content":{"rendered":"\n<p class=\"normal\"><a href=\"https:\/\/www.funeraillescals.be\/fr\/organiser-des-funerailles-cals-sereni\/\" target=\"_blank\" rel=\"noreferrer noopener\"><\/a><\/p>\n\n\n\n<div id=\"block-main-banner-block_26638376d3d2178974d50485b4783b8f\" class=\"block-main-banner\">\n    <div class=\"container\">\n        <div class=\"banner-wrap layout2 content_right content_top\">\n            <div class=\"banner-image\">\n                                                            <img loading=\"lazy\" decoding=\"async\" width=\"944\" height=\"629\" src=\"https:\/\/www.touche.be\/app\/uploads\/sites\/80\/2025\/11\/Hand-op-water-met-zon-\u2013-administratieve-psychische-steun-10.jpg\" class=\"attachment-full-stretched size-full-stretched\" alt=\"Organiser des fun\u00e9railles\" srcset=\"https:\/\/www.touche.be\/app\/uploads\/sites\/80\/2025\/11\/Hand-op-water-met-zon-\u2013-administratieve-psychische-steun-10.jpg 944w, https:\/\/www.touche.be\/app\/uploads\/sites\/80\/2025\/11\/Hand-op-water-met-zon-\u2013-administratieve-psychische-steun-10-300x200.jpg 300w, https:\/\/www.touche.be\/app\/uploads\/sites\/80\/2025\/11\/Hand-op-water-met-zon-\u2013-administratieve-psychische-steun-10-768x512.jpg 768w, https:\/\/www.touche.be\/app\/uploads\/sites\/80\/2025\/11\/Hand-op-water-met-zon-\u2013-administratieve-psychische-steun-10-450x300.jpg 450w\" sizes=\"auto, (max-width: 944px) 100vw, 944px\" title=\"Organiser des fun\u00e9railles\" \/>                                                <\/div>\n\n                            <div class=\"banner-content\">\n                    <div class=\"inner\">\n                        <h2>Que faire en cas de d\u00e9c\u00e8s ?<\/h2>\n<ol>\n<li>En cas de d\u00e9c\u00e8s \u00e0 domicile, <strong>contactez d\u2019abord le m\u00e9decin g\u00e9n\u00e9raliste.<\/strong> Il constatera officiellement le d\u00e9c\u00e8s et r\u00e9digera le certificat n\u00e9cessaire, ainsi qu\u2019un formulaire de demande d\u2019incin\u00e9ration si tel est votre souhait.<\/li>\n<li>Informez ensuite <strong>vos proches et amis<\/strong> qui souhaiteront peut-\u00eatre venir dire au revoir au d\u00e9funt.<\/li>\n<li>Prenez contact avec les <strong data-start=\"443\" data-end=\"468\">Fun\u00e9railles Cals<\/strong>, qui se charge de coordonner tous les aspects pratiques : le transfert du d\u00e9funt vers le fun\u00e9rarium, les soins, et l\u2019organisation compl\u00e8te des fun\u00e9railles.<\/li>\n<\/ol>\n<div style=\"text-align: left; margin-bottom: 40px;\"><a class=\"btn btn-primary\" style=\"padding: 16px 36px; font-size: 1.2rem; font-weight: 500; text-align: center; vertical-align: middle; line-height: 1.4; height: auto;\" href=\"tel:085611439\">Signaler un d\u00e9c\u00e8s \u2013 085 61 14 39\u00a0(24h\/7j)<br \/>\n<\/a><\/div>\n                    <\/div>\n                <\/div>\n                    <\/div>\n    <\/div>\n<\/div>\n\n\n\n<div id=\"block-main-banner-block_db516ba0ef8d898d4f800970c03fd074\" class=\"block-main-banner\">\n    <div class=\"container\">\n        <div class=\"banner-wrap layout2 content_left content_top\">\n            <div class=\"banner-image\">\n                                                            <img loading=\"lazy\" decoding=\"async\" width=\"576\" height=\"864\" src=\"https:\/\/www.touche.be\/app\/uploads\/sites\/80\/2025\/11\/Vitrail-\u2013-Que-fait-Cals-pour-vous-.jpg\" class=\"attachment-full-stretched size-full-stretched\" alt=\"Organiser des fun\u00e9railles\" srcset=\"https:\/\/www.touche.be\/app\/uploads\/sites\/80\/2025\/11\/Vitrail-\u2013-Que-fait-Cals-pour-vous-.jpg 576w, https:\/\/www.touche.be\/app\/uploads\/sites\/80\/2025\/11\/Vitrail-\u2013-Que-fait-Cals-pour-vous--200x300.jpg 200w\" sizes=\"auto, (max-width: 576px) 100vw, 576px\" title=\"Organiser des fun\u00e9railles\" \/>                                                <\/div>\n\n                            <div class=\"banner-content\">\n                    <div class=\"inner\">\n                        <h2>Que fait Cals pour vous ?<\/h2>\n<ol>\n<li>D\u00e8s r\u00e9ception du certificat de d\u00e9c\u00e8s, du formulaire de demande d\u2019incin\u00e9ration (le cas \u00e9ch\u00e9ant) et de la carte d\u2019identit\u00e9, <strong data-start=\"217\" data-end=\"248\">nous prenons tout en charge<\/strong> : le transfert du d\u00e9funt vers notre fun\u00e9rarium, les soins qui lui sont prodigu\u00e9s, ainsi que la <strong data-start=\"344\" data-end=\"381\">d\u00e9claration du d\u00e9c\u00e8s \u00e0 la commune<\/strong>.<\/li>\n<li>Nous obtenons pour vous les documents officiels n\u00e9cessaires \u2014 acte de d\u00e9c\u00e8s, autorisations d\u2019inhumation ou de cr\u00e9mation.<\/li>\n<li>En concertation avec vous, nous planifions les <strong data-start=\"556\" data-end=\"581\">visites au fun\u00e9rarium<\/strong>, le <strong data-start=\"586\" data-end=\"618\">jour et l\u2019heure des obs\u00e8ques<\/strong>, ainsi que la <strong data-start=\"633\" data-end=\"668\">r\u00e9ception apr\u00e8s les fun\u00e9railles<\/strong>, selon vos souhaits.<\/li>\n<\/ol>\n<p data-start=\"521\" data-end=\"856\">\u00c0 chaque \u00e9tape, nous prenons le temps de parcourir ensemble tous les d\u00e9tails de l\u2019organisation, afin que tout se d\u00e9roule avec <strong data-start=\"830\" data-end=\"853\">s\u00e9r\u00e9nit\u00e9 et respect<\/strong>.<\/p>\n<p data-start=\"858\" data-end=\"1131\"><strong data-start=\"858\" data-end=\"883\">Les fun\u00e9railles Cals<\/strong> organise <strong data-start=\"893\" data-end=\"942\">l\u2019ensemble des fun\u00e9railles selon vos volont\u00e9s<\/strong>, tout en vous apportant un <strong data-start=\"970\" data-end=\"1013\">soutien administratif et fiscal complet<\/strong>, ainsi qu\u2019un <strong data-start=\"1027\" data-end=\"1069\">accompagnement humain et psychologique<\/strong> pour traverser cette p\u00e9riode avec douceur et bienveillance.<\/p>\n<p><a class=\"btn btn-primary\" href=\"https:\/\/www.funeraillescals.be\/fr\/contact-cals-sereni\/\" rel=\"noopener\">Contactez-nous<\/a>\u00a0 \u00a0\u00a0 <a class=\"btn btn-primary\" href=\"https:\/\/www.funeraillescals.be\/fr\/nos-funerariums-cals-sereni\/\" rel=\"noopener\">A propos de Cals<\/a><\/p>\n                    <\/div>\n                <\/div>\n                    <\/div>\n    <\/div>\n<\/div>\n\n\n<div id=\"block-variable-content-list-block_e5c9424ed5b082844c49ccc03ba589a1\" class=\"block-variable-content-list default\">\n    <div class=\"container\">\n        <div class=\"widget-wrap per_row_2\">\n                            <div class=\"block-heading\">\n                    <span class=\"heading\">Aide pendant et apr\u00e8s les fun\u00e9railles<\/span>\n                <\/div>\n                        <div class=\"block-content\">\n                                                                                    <div class=\"element\">\n                                                            \n                                                                    <div class=\"image-wrap\">\n                                                                                    <a href=\"https:\/\/www.funeraillescals.be\/fr\/organiser-des-funerailles-cals-sereni\/aide-administrative-cals-sereni\/\">\n                                                                                    <img loading=\"lazy\" decoding=\"async\" width=\"686\" height=\"456\" src=\"https:\/\/www.touche.be\/app\/uploads\/sites\/80\/2025\/11\/Soutien-administratif-Funerailles-Cals.png\" class=\"attachment-large size-large\" alt=\"Organiser des fun\u00e9railles\" srcset=\"https:\/\/www.touche.be\/app\/uploads\/sites\/80\/2025\/11\/Soutien-administratif-Funerailles-Cals.png 686w, https:\/\/www.touche.be\/app\/uploads\/sites\/80\/2025\/11\/Soutien-administratif-Funerailles-Cals-300x199.png 300w, https:\/\/www.touche.be\/app\/uploads\/sites\/80\/2025\/11\/Soutien-administratif-Funerailles-Cals-451x300.png 451w\" sizes=\"auto, (max-width: 686px) 100vw, 686px\" title=\"Organiser des fun\u00e9railles\" \/>                                                                                    <\/a>\n                                                                            <\/div>\n                                \n                                                                    <div class=\"content-wrap\">\n                                        <h4>Soutien Administratif<\/h4>\n<p>Les Fun\u00e9railles Cals vous apporte un <strong data-start=\"970\" data-end=\"1013\">soutien administratif et fiscal complet.<\/strong><\/p>\n<p><a class=\"btn btn-primary\" href=\"https:\/\/www.funeraillescals.be\/fr\/organiser-des-funerailles-cals-sereni\/aide-administrative-cals-sereni\/\">Aide administratrive<\/a><\/p>\n                                    <\/div>\n                                                                                    <\/div>\n                                                                    <div class=\"element\">\n                                                            \n                                                                    <div class=\"image-wrap\">\n                                                                                    <img loading=\"lazy\" decoding=\"async\" width=\"686\" height=\"456\" src=\"https:\/\/www.touche.be\/app\/uploads\/sites\/80\/2025\/11\/Aide-aux-personnes-endeuillees-Funerailles-Cals.jpg\" class=\"attachment-large size-large\" alt=\"Organiser des fun\u00e9railles\" srcset=\"https:\/\/www.touche.be\/app\/uploads\/sites\/80\/2025\/11\/Aide-aux-personnes-endeuillees-Funerailles-Cals.jpg 686w, https:\/\/www.touche.be\/app\/uploads\/sites\/80\/2025\/11\/Aide-aux-personnes-endeuillees-Funerailles-Cals-300x199.jpg 300w, https:\/\/www.touche.be\/app\/uploads\/sites\/80\/2025\/11\/Aide-aux-personnes-endeuillees-Funerailles-Cals-451x300.jpg 451w\" sizes=\"auto, (max-width: 686px) 100vw, 686px\" title=\"Organiser des fun\u00e9railles\" \/>                                                                            <\/div>\n                                \n                                                                    <div class=\"content-wrap\">\n                                        <h4>Aide aux personnes endeuill\u00e9es<\/h4>\n<p>Laissez nos psychologues vous accompagner dans le deuil,\u00a0<strong>\u00e0 votre rythme<\/strong>.<\/p>\n<p><a class=\"btn btn-primary\" href=\"mailto:nazorg@sereni.be\">Contactez notre consultante en deuil<\/a><\/p>\n                                    <\/div>\n                                                                                    <\/div>\n                                                                    <div class=\"element\">\n                                                            \n                                \n                                                                                    <\/div>\n                                                <\/div>\n        <\/div>\n    <\/div>\n<\/div>\n","protected":false},"excerpt":{"rendered":"","protected":false},"author":1,"featured_media":63222,"parent":0,"menu_order":0,"comment_status":"closed","ping_status":"closed","template":"","meta":{"_acf_changed":false,"footnotes":""},"class_list":["post-24683","page","type-page","status-publish","has-post-thumbnail","hentry"],"acf":[],"yoast_head":"<!-- This site is optimized with the Yoast SEO plugin v25.8 - https:\/\/yoast.com\/wordpress\/plugins\/seo\/ -->\n<title>Organiser des fun\u00e9railles Cals I Sereni<\/title>\n<meta name=\"description\" content=\"Organiser des fun\u00e9railles avec Cals se fait enti\u00e8rement selon vos souhaits. Nous vous guidons de A \u00e0 Z. Contactez-nous.\" \/>\n<meta name=\"robots\" content=\"index, follow, max-snippet:-1, max-image-preview:large, max-video-preview:-1\" \/>\n<link rel=\"canonical\" href=\"https:\/\/www.funeraillescals.be\/fr\/organiser-des-funerailles-cals-sereni\/\" \/>\n<meta property=\"og:locale\" content=\"fr_FR\" \/>\n<meta property=\"og:type\" content=\"article\" \/>\n<meta property=\"og:title\" content=\"Organiser des fun\u00e9railles Cals I Sereni\" \/>\n<meta property=\"og:description\" content=\"Organiser des fun\u00e9railles avec Cals se fait enti\u00e8rement selon vos souhaits. Nous vous guidons de A \u00e0 Z. Contactez-nous.\" \/>\n<meta property=\"og:url\" content=\"https:\/\/www.funeraillescals.be\/fr\/organiser-des-funerailles-cals-sereni\/\" \/>\n<meta property=\"og:site_name\" content=\"Cals\" \/>\n<meta property=\"article:modified_time\" content=\"2026-01-27T11:11:13+00:00\" \/>\n<meta name=\"twitter:card\" content=\"summary_large_image\" \/>\n<meta name=\"twitter:image\" content=\"https:\/\/www.touche.be\/app\/uploads\/sites\/80\/2022\/11\/httpsshop.sereni.beappuploads202109CMS_WatBijOverlijden_Sereni-1.jpg\" \/>\n<meta name=\"twitter:label1\" content=\"Est. reading time\" \/>\n\t<meta name=\"twitter:data1\" content=\"3 minutes\" \/>\n<script type=\"application\/ld+json\" class=\"yoast-schema-graph\">{\"@context\":\"https:\/\/schema.org\",\"@graph\":[{\"@type\":[\"WebPage\",\"FAQPage\"],\"@id\":\"https:\/\/www.funeraillescals.be\/fr\/organiser-des-funerailles-cals-sereni\/\",\"url\":\"https:\/\/www.funeraillescals.be\/fr\/organiser-des-funerailles-cals-sereni\/\",\"name\":\"Organiser des fun\u00e9railles Cals I Sereni\",\"isPartOf\":{\"@id\":\"https:\/\/www.funeraillescals.be\/fr\/#website\"},\"primaryImageOfPage\":{\"@id\":\"https:\/\/www.funeraillescals.be\/fr\/organiser-des-funerailles-cals-sereni\/#primaryimage\"},\"image\":{\"@id\":\"https:\/\/www.funeraillescals.be\/fr\/organiser-des-funerailles-cals-sereni\/#primaryimage\"},\"thumbnailUrl\":\"https:\/\/www.touche.be\/app\/uploads\/sites\/80\/2022\/11\/httpsshop.sereni.beappuploads202109CMS_WatBijOverlijden_Sereni-1.jpg\",\"datePublished\":\"2022-04-04T09:51:30+00:00\",\"dateModified\":\"2026-01-27T11:11:13+00:00\",\"description\":\"Organiser des fun\u00e9railles avec Cals se fait enti\u00e8rement selon vos souhaits. Nous vous guidons de A \u00e0 Z. Contactez-nous.\",\"inLanguage\":\"fr-BE\",\"potentialAction\":[{\"@type\":\"ReadAction\",\"target\":[\"https:\/\/www.funeraillescals.be\/fr\/organiser-des-funerailles-cals-sereni\/\"]}]},{\"@type\":\"ImageObject\",\"inLanguage\":\"fr-BE\",\"@id\":\"https:\/\/www.funeraillescals.be\/fr\/organiser-des-funerailles-cals-sereni\/#primaryimage\",\"url\":\"https:\/\/www.touche.be\/app\/uploads\/sites\/80\/2022\/11\/httpsshop.sereni.beappuploads202109CMS_WatBijOverlijden_Sereni-1.jpg\",\"contentUrl\":\"https:\/\/www.touche.be\/app\/uploads\/sites\/80\/2022\/11\/httpsshop.sereni.beappuploads202109CMS_WatBijOverlijden_Sereni-1.jpg\",\"width\":2480,\"height\":1643,\"caption\":\"Assurance obs\u00e8ques\"},{\"@type\":\"WebSite\",\"@id\":\"https:\/\/www.funeraillescals.be\/fr\/#website\",\"url\":\"https:\/\/www.funeraillescals.be\/fr\/\",\"name\":\"Cals\",\"description\":\"Just another Sereni site\",\"potentialAction\":[{\"@type\":\"SearchAction\",\"target\":{\"@type\":\"EntryPoint\",\"urlTemplate\":\"https:\/\/www.funeraillescals.be\/fr\/?s={search_term_string}\"},\"query-input\":{\"@type\":\"PropertyValueSpecification\",\"valueRequired\":true,\"valueName\":\"search_term_string\"}}],\"inLanguage\":\"fr-BE\"}]}<\/script>\n<!-- \/ Yoast SEO plugin. -->","yoast_head_json":{"title":"Organiser des fun\u00e9railles Cals I Sereni","description":"Organiser des fun\u00e9railles avec Cals se fait enti\u00e8rement selon vos souhaits. Nous vous guidons de A \u00e0 Z. Contactez-nous.","robots":{"index":"index","follow":"follow","max-snippet":"max-snippet:-1","max-image-preview":"max-image-preview:large","max-video-preview":"max-video-preview:-1"},"canonical":"https:\/\/www.funeraillescals.be\/fr\/organiser-des-funerailles-cals-sereni\/","og_locale":"fr_FR","og_type":"article","og_title":"Organiser des fun\u00e9railles Cals I Sereni","og_description":"Organiser des fun\u00e9railles avec Cals se fait enti\u00e8rement selon vos souhaits. Nous vous guidons de A \u00e0 Z. Contactez-nous.","og_url":"https:\/\/www.funeraillescals.be\/fr\/organiser-des-funerailles-cals-sereni\/","og_site_name":"Cals","article_modified_time":"2026-01-27T11:11:13+00:00","twitter_card":"summary_large_image","twitter_image":"https:\/\/www.touche.be\/app\/uploads\/sites\/80\/2022\/11\/httpsshop.sereni.beappuploads202109CMS_WatBijOverlijden_Sereni-1.jpg","twitter_misc":{"Est. reading time":"3 minutes"},"schema":{"@context":"https:\/\/schema.org","@graph":[{"@type":["WebPage","FAQPage"],"@id":"https:\/\/www.funeraillescals.be\/fr\/organiser-des-funerailles-cals-sereni\/","url":"https:\/\/www.funeraillescals.be\/fr\/organiser-des-funerailles-cals-sereni\/","name":"Organiser des fun\u00e9railles Cals I Sereni","isPartOf":{"@id":"https:\/\/www.funeraillescals.be\/fr\/#website"},"primaryImageOfPage":{"@id":"https:\/\/www.funeraillescals.be\/fr\/organiser-des-funerailles-cals-sereni\/#primaryimage"},"image":{"@id":"https:\/\/www.funeraillescals.be\/fr\/organiser-des-funerailles-cals-sereni\/#primaryimage"},"thumbnailUrl":"https:\/\/www.touche.be\/app\/uploads\/sites\/80\/2022\/11\/httpsshop.sereni.beappuploads202109CMS_WatBijOverlijden_Sereni-1.jpg","datePublished":"2022-04-04T09:51:30+00:00","dateModified":"2026-01-27T11:11:13+00:00","description":"Organiser des fun\u00e9railles avec Cals se fait enti\u00e8rement selon vos souhaits. Nous vous guidons de A \u00e0 Z. Contactez-nous.","inLanguage":"fr-BE","potentialAction":[{"@type":"ReadAction","target":["https:\/\/www.funeraillescals.be\/fr\/organiser-des-funerailles-cals-sereni\/"]}]},{"@type":"ImageObject","inLanguage":"fr-BE","@id":"https:\/\/www.funeraillescals.be\/fr\/organiser-des-funerailles-cals-sereni\/#primaryimage","url":"https:\/\/www.touche.be\/app\/uploads\/sites\/80\/2022\/11\/httpsshop.sereni.beappuploads202109CMS_WatBijOverlijden_Sereni-1.jpg","contentUrl":"https:\/\/www.touche.be\/app\/uploads\/sites\/80\/2022\/11\/httpsshop.sereni.beappuploads202109CMS_WatBijOverlijden_Sereni-1.jpg","width":2480,"height":1643,"caption":"Assurance obs\u00e8ques"},{"@type":"WebSite","@id":"https:\/\/www.funeraillescals.be\/fr\/#website","url":"https:\/\/www.funeraillescals.be\/fr\/","name":"Cals","description":"Just another Sereni site","potentialAction":[{"@type":"SearchAction","target":{"@type":"EntryPoint","urlTemplate":"https:\/\/www.funeraillescals.be\/fr\/?s={search_term_string}"},"query-input":{"@type":"PropertyValueSpecification","valueRequired":true,"valueName":"search_term_string"}}],"inLanguage":"fr-BE"}]}},"_links":{"self":[{"href":"https:\/\/www.funeraillescals.be\/fr\/wp-json\/wp\/v2\/pages\/24683","targetHints":{"allow":["GET"]}}],"collection":[{"href":"https:\/\/www.funeraillescals.be\/fr\/wp-json\/wp\/v2\/pages"}],"about":[{"href":"https:\/\/www.funeraillescals.be\/fr\/wp-json\/wp\/v2\/types\/page"}],"author":[{"embeddable":true,"href":"https:\/\/www.funeraillescals.be\/fr\/wp-json\/wp\/v2\/users\/1"}],"replies":[{"embeddable":true,"href":"https:\/\/www.funeraillescals.be\/fr\/wp-json\/wp\/v2\/comments?post=24683"}],"version-history":[{"count":27,"href":"https:\/\/www.funeraillescals.be\/fr\/wp-json\/wp\/v2\/pages\/24683\/revisions"}],"predecessor-version":[{"id":83063,"href":"https:\/\/www.funeraillescals.be\/fr\/wp-json\/wp\/v2\/pages\/24683\/revisions\/83063"}],"wp:featuredmedia":[{"embeddable":true,"href":"https:\/\/www.funeraillescals.be\/fr\/wp-json\/wp\/v2\/media\/63222"}],"wp:attachment":[{"href":"https:\/\/www.funeraillescals.be\/fr\/wp-json\/wp\/v2\/media?parent=24683"}],"curies":[{"name":"wp","href":"https:\/\/api.w.org\/{rel}","templated":true}]}}