{"id":24681,"date":"2021-10-20T11:01:17","date_gmt":"2021-10-20T10:01:17","guid":{"rendered":"https:\/\/www.funeraillescals.be\/rouwberichten-logghe\/"},"modified":"2025-11-20T21:36:51","modified_gmt":"2025-11-20T20:36:51","slug":"condoleances-cals-sereni","status":"publish","type":"page","link":"https:\/\/www.funeraillescals.be\/fr\/condoleances-cals-sereni\/","title":{"rendered":"Condol\u00e9ances"},"content":{"rendered":"<div id=\"root\"><\/div>\n","protected":false},"excerpt":{"rendered":"","protected":false},"author":1,"featured_media":82892,"parent":0,"menu_order":0,"comment_status":"closed","ping_status":"closed","template":"","meta":{"_acf_changed":false,"footnotes":""},"class_list":["post-24681","page","type-page","status-publish","has-post-thumbnail","hentry"],"acf":[],"yoast_head":"<!-- This site is optimized with the Yoast SEO plugin v25.8 - https:\/\/yoast.com\/wordpress\/plugins\/seo\/ -->\n<title>Vos condol\u00e9ances via notre plateforme en ligne - Cals I Sereni<\/title>\n<meta name=\"description\" content=\"Exprimez vos condol\u00e9ances en ligne simplement et rapidement. Envoyez un message, des fleurs, une carte personnalis\u00e9e, en quelques clics\" \/>\n<meta name=\"robots\" content=\"index, follow, max-snippet:-1, max-image-preview:large, max-video-preview:-1\" \/>\n<link rel=\"canonical\" href=\"https:\/\/www.funeraillescals.be\/fr\/condoleances-cals-sereni\/\" \/>\n<meta property=\"og:locale\" content=\"fr_FR\" \/>\n<meta property=\"og:type\" content=\"article\" \/>\n<meta property=\"og:title\" content=\"Vos condol\u00e9ances via notre plateforme en ligne - Cals I Sereni\" \/>\n<meta property=\"og:description\" content=\"Exprimez vos condol\u00e9ances en ligne simplement et rapidement. Envoyez un message, des fleurs, une carte personnalis\u00e9e, en quelques clics\" \/>\n<meta property=\"og:url\" content=\"https:\/\/www.funeraillescals.be\/fr\/condoleances-cals-sereni\/\" \/>\n<meta property=\"og:site_name\" content=\"Cals\" \/>\n<meta property=\"article:modified_time\" content=\"2025-11-20T20:36:51+00:00\" \/>\n<meta property=\"og:image\" content=\"https:\/\/www.touche.be\/app\/uploads\/sites\/80\/2025\/11\/Mains-formant-un-coeur-symbolisant-lenvoi-de-condoleances-en-ligne-1.png\" \/>\n\t<meta property=\"og:image:width\" content=\"1200\" \/>\n\t<meta property=\"og:image:height\" content=\"628\" \/>\n\t<meta property=\"og:image:type\" content=\"image\/png\" \/>\n<meta name=\"twitter:card\" content=\"summary_large_image\" \/>\n<meta name=\"twitter:label1\" content=\"Est. reading time\" \/>\n\t<meta name=\"twitter:data1\" content=\"1 minute\" \/>\n<script type=\"application\/ld+json\" class=\"yoast-schema-graph\">{\"@context\":\"https:\/\/schema.org\",\"@graph\":[{\"@type\":[\"WebPage\",\"CollectionPage\"],\"@id\":\"https:\/\/www.funeraillescals.be\/fr\/condoleances-cals-sereni\/\",\"url\":\"https:\/\/www.funeraillescals.be\/fr\/condoleances-cals-sereni\/\",\"name\":\"Vos condol\u00e9ances via notre plateforme en ligne - Cals I Sereni\",\"isPartOf\":{\"@id\":\"https:\/\/www.funeraillescals.be\/fr\/#website\"},\"primaryImageOfPage\":{\"@id\":\"https:\/\/www.funeraillescals.be\/fr\/condoleances-cals-sereni\/#primaryimage\"},\"image\":{\"@id\":\"https:\/\/www.funeraillescals.be\/fr\/condoleances-cals-sereni\/#primaryimage\"},\"thumbnailUrl\":\"https:\/\/www.touche.be\/app\/uploads\/sites\/80\/2025\/11\/Mains-formant-un-coeur-symbolisant-lenvoi-de-condoleances-en-ligne.jpg\",\"datePublished\":\"2021-10-20T10:01:17+00:00\",\"dateModified\":\"2025-11-20T20:36:51+00:00\",\"description\":\"Exprimez vos condol\u00e9ances en ligne simplement et rapidement. Envoyez un message, des fleurs, une carte personnalis\u00e9e, en quelques clics\",\"inLanguage\":\"fr-BE\"},{\"@type\":\"ImageObject\",\"inLanguage\":\"fr-BE\",\"@id\":\"https:\/\/www.funeraillescals.be\/fr\/condoleances-cals-sereni\/#primaryimage\",\"url\":\"https:\/\/www.touche.be\/app\/uploads\/sites\/80\/2025\/11\/Mains-formant-un-coeur-symbolisant-lenvoi-de-condoleances-en-ligne.jpg\",\"contentUrl\":\"https:\/\/www.touche.be\/app\/uploads\/sites\/80\/2025\/11\/Mains-formant-un-coeur-symbolisant-lenvoi-de-condoleances-en-ligne.jpg\",\"width\":944,\"height\":629,\"caption\":\"Mains formant un c\u0153ur symbolisant l\u2019envoi de condol\u00e9ances en ligne\"},{\"@type\":\"WebSite\",\"@id\":\"https:\/\/www.funeraillescals.be\/fr\/#website\",\"url\":\"https:\/\/www.funeraillescals.be\/fr\/\",\"name\":\"Cals\",\"description\":\"Just another Sereni site\",\"potentialAction\":[{\"@type\":\"SearchAction\",\"target\":{\"@type\":\"EntryPoint\",\"urlTemplate\":\"https:\/\/www.funeraillescals.be\/fr\/?s={search_term_string}\"},\"query-input\":{\"@type\":\"PropertyValueSpecification\",\"valueRequired\":true,\"valueName\":\"search_term_string\"}}],\"inLanguage\":\"fr-BE\"}]}<\/script>\n<!-- \/ Yoast SEO plugin. -->","yoast_head_json":{"title":"Vos condol\u00e9ances via notre plateforme en ligne - Cals I Sereni","description":"Exprimez vos condol\u00e9ances en ligne simplement et rapidement. Envoyez un message, des fleurs, une carte personnalis\u00e9e, en quelques clics","robots":{"index":"index","follow":"follow","max-snippet":"max-snippet:-1","max-image-preview":"max-image-preview:large","max-video-preview":"max-video-preview:-1"},"canonical":"https:\/\/www.funeraillescals.be\/fr\/condoleances-cals-sereni\/","og_locale":"fr_FR","og_type":"article","og_title":"Vos condol\u00e9ances via notre plateforme en ligne - Cals I Sereni","og_description":"Exprimez vos condol\u00e9ances en ligne simplement et rapidement. Envoyez un message, des fleurs, une carte personnalis\u00e9e, en quelques clics","og_url":"https:\/\/www.funeraillescals.be\/fr\/condoleances-cals-sereni\/","og_site_name":"Cals","article_modified_time":"2025-11-20T20:36:51+00:00","og_image":[{"width":1200,"height":628,"url":"https:\/\/www.touche.be\/app\/uploads\/sites\/80\/2025\/11\/Mains-formant-un-coeur-symbolisant-lenvoi-de-condoleances-en-ligne-1.png","type":"image\/png"}],"twitter_card":"summary_large_image","twitter_misc":{"Est. reading time":"1 minute"},"schema":{"@context":"https:\/\/schema.org","@graph":[{"@type":["WebPage","CollectionPage"],"@id":"https:\/\/www.funeraillescals.be\/fr\/condoleances-cals-sereni\/","url":"https:\/\/www.funeraillescals.be\/fr\/condoleances-cals-sereni\/","name":"Vos condol\u00e9ances via notre plateforme en ligne - Cals I Sereni","isPartOf":{"@id":"https:\/\/www.funeraillescals.be\/fr\/#website"},"primaryImageOfPage":{"@id":"https:\/\/www.funeraillescals.be\/fr\/condoleances-cals-sereni\/#primaryimage"},"image":{"@id":"https:\/\/www.funeraillescals.be\/fr\/condoleances-cals-sereni\/#primaryimage"},"thumbnailUrl":"https:\/\/www.touche.be\/app\/uploads\/sites\/80\/2025\/11\/Mains-formant-un-coeur-symbolisant-lenvoi-de-condoleances-en-ligne.jpg","datePublished":"2021-10-20T10:01:17+00:00","dateModified":"2025-11-20T20:36:51+00:00","description":"Exprimez vos condol\u00e9ances en ligne simplement et rapidement. Envoyez un message, des fleurs, une carte personnalis\u00e9e, en quelques clics","inLanguage":"fr-BE"},{"@type":"ImageObject","inLanguage":"fr-BE","@id":"https:\/\/www.funeraillescals.be\/fr\/condoleances-cals-sereni\/#primaryimage","url":"https:\/\/www.touche.be\/app\/uploads\/sites\/80\/2025\/11\/Mains-formant-un-coeur-symbolisant-lenvoi-de-condoleances-en-ligne.jpg","contentUrl":"https:\/\/www.touche.be\/app\/uploads\/sites\/80\/2025\/11\/Mains-formant-un-coeur-symbolisant-lenvoi-de-condoleances-en-ligne.jpg","width":944,"height":629,"caption":"Mains formant un c\u0153ur symbolisant l\u2019envoi de condol\u00e9ances en ligne"},{"@type":"WebSite","@id":"https:\/\/www.funeraillescals.be\/fr\/#website","url":"https:\/\/www.funeraillescals.be\/fr\/","name":"Cals","description":"Just another Sereni site","potentialAction":[{"@type":"SearchAction","target":{"@type":"EntryPoint","urlTemplate":"https:\/\/www.funeraillescals.be\/fr\/?s={search_term_string}"},"query-input":{"@type":"PropertyValueSpecification","valueRequired":true,"valueName":"search_term_string"}}],"inLanguage":"fr-BE"}]}},"_links":{"self":[{"href":"https:\/\/www.funeraillescals.be\/fr\/wp-json\/wp\/v2\/pages\/24681","targetHints":{"allow":["GET"]}}],"collection":[{"href":"https:\/\/www.funeraillescals.be\/fr\/wp-json\/wp\/v2\/pages"}],"about":[{"href":"https:\/\/www.funeraillescals.be\/fr\/wp-json\/wp\/v2\/types\/page"}],"author":[{"embeddable":true,"href":"https:\/\/www.funeraillescals.be\/fr\/wp-json\/wp\/v2\/users\/1"}],"replies":[{"embeddable":true,"href":"https:\/\/www.funeraillescals.be\/fr\/wp-json\/wp\/v2\/comments?post=24681"}],"version-history":[{"count":1,"href":"https:\/\/www.funeraillescals.be\/fr\/wp-json\/wp\/v2\/pages\/24681\/revisions"}],"predecessor-version":[{"id":82020,"href":"https:\/\/www.funeraillescals.be\/fr\/wp-json\/wp\/v2\/pages\/24681\/revisions\/82020"}],"wp:featuredmedia":[{"embeddable":true,"href":"https:\/\/www.funeraillescals.be\/fr\/wp-json\/wp\/v2\/media\/82892"}],"wp:attachment":[{"href":"https:\/\/www.funeraillescals.be\/fr\/wp-json\/wp\/v2\/media?parent=24681"}],"curies":[{"name":"wp","href":"https:\/\/api.w.org\/{rel}","templated":true}]}}