{"id":24677,"date":"2022-04-04T13:26:47","date_gmt":"2022-04-04T12:26:47","guid":{"rendered":"https:\/\/www.funeraillescals.be\/onze-diensten\/nazorg\/"},"modified":"2025-11-20T18:55:03","modified_gmt":"2025-11-20T17:55:03","slug":"aide-administrative-cals-sereni","status":"publish","type":"page","link":"https:\/\/www.funeraillescals.be\/fr\/organiser-des-funerailles-cals-sereni\/aide-administrative-cals-sereni\/","title":{"rendered":"Aide administrative"},"content":{"rendered":"\n<div id=\"block-main-banner-block_ecdbdd16f7f37fb7dd702e8e5069ae6b\" class=\"block-main-banner\">\n    <div class=\"container\">\n        <div class=\"banner-wrap layout2 content_right content_top\">\n            <div class=\"banner-image\">\n                                                            <img loading=\"lazy\" decoding=\"async\" width=\"600\" height=\"480\" src=\"https:\/\/www.touche.be\/app\/uploads\/sites\/80\/2025\/11\/Interieur-Cals-\u2013-Lampes-fleur-et-fauteuil-pour-aide-administrative.jpg\" class=\"attachment-full-stretched size-full-stretched\" alt=\"Aide administrative\" srcset=\"https:\/\/www.touche.be\/app\/uploads\/sites\/80\/2025\/11\/Interieur-Cals-\u2013-Lampes-fleur-et-fauteuil-pour-aide-administrative.jpg 600w, https:\/\/www.touche.be\/app\/uploads\/sites\/80\/2025\/11\/Interieur-Cals-\u2013-Lampes-fleur-et-fauteuil-pour-aide-administrative-300x240.jpg 300w, https:\/\/www.touche.be\/app\/uploads\/sites\/80\/2025\/11\/Interieur-Cals-\u2013-Lampes-fleur-et-fauteuil-pour-aide-administrative-375x300.jpg 375w\" sizes=\"auto, (max-width: 600px) 100vw, 600px\" title=\"Aide administrative\" \/>                                                <\/div>\n\n                            <div class=\"banner-content\">\n                    <div class=\"inner\">\n                        <h2>Aide administrative<\/h2>\n<p>Les d\u00e9marches apr\u00e8s un d\u00e9c\u00e8s peuvent sembler complexes. Pour vous simplifier la vie, nous mettons \u00e0 votre disposition un <strong data-start=\"567\" data-end=\"602\">plan d\u2019accompagnement pas \u00e0 pas<\/strong> sur <a class=\"decorated-link\" href=\"https:\/\/mon.sereni.be\/login?lang=fr\" target=\"_new\" rel=\"noopener\" data-start=\"607\" data-end=\"645\">mon.sereni.be<\/a>.<br data-start=\"646\" data-end=\"649\" \/>Apr\u00e8s quelques questions, vous recevez une liste claire et personnalis\u00e9e des formalit\u00e9s \u00e0 accomplir.<\/p>\n<p>Notre \u00e9quipe peut \u00e9galement vous aider \u00e0 <strong data-start=\"791\" data-end=\"816\">r\u00e9aliser concr\u00e8tement<\/strong> ces d\u00e9marches, \u00e0 votre rythme.<\/p>\n<h2>Aide fiscale<\/h2>\n<p>La perte d\u2019un proche entra\u00eene aussi des obligations fiscales. Nous vous aidons \u00e0 <strong data-start=\"957\" data-end=\"997\">obtenir les attestations n\u00e9cessaires<\/strong> et \u00e0 pr\u00e9parer la <strong data-start=\"1015\" data-end=\"1055\">d\u00e9claration des droits de succession<\/strong>.<br data-start=\"1056\" data-end=\"1059\" \/>Si vous le souhaitez, nous pouvons aussi vous accompagner dans <strong data-start=\"1122\" data-end=\"1163\">l\u2019\u00e9laboration d\u2019un plan de succession<\/strong> adapt\u00e9 \u00e0 votre situation.<\/p>\n<p><a class=\"btn btn-primary\" href=\"https:\/\/www.funeraillescals.be\/fr\/contact-cals-sereni\/\">Contactez-nous<\/a>\u00a0 \u00a0\u00a0 <a class=\"btn btn-primary\" href=\"https:\/\/www.funeraillescals.be\/fr\/nos-funerariums-cals-sereni\/\">A propos de Cals<\/a><\/p>\n<p>&nbsp;<\/p>\n                    <\/div>\n                <\/div>\n                    <\/div>\n    <\/div>\n<\/div>\n\n\n\n<div id=\"block-main-banner-block_54fb0e824fa3c5e039e4e2844bed089e\" class=\"block-main-banner\">\n    <div class=\"container\">\n        <div class=\"banner-wrap layout2 content_left content_top\">\n            <div class=\"banner-image\">\n                                                            <img loading=\"lazy\" decoding=\"async\" width=\"1440\" height=\"960\" src=\"https:\/\/www.touche.be\/app\/uploads\/sites\/80\/2025\/11\/Aide-psychologique-Funerailles-Cals-Sereni-1440x960.jpg\" class=\"attachment-full-stretched size-full-stretched\" alt=\"Aide administrative\" srcset=\"https:\/\/www.touche.be\/app\/uploads\/sites\/80\/2025\/11\/Aide-psychologique-Funerailles-Cals-Sereni-1440x960.jpg 1440w, https:\/\/www.touche.be\/app\/uploads\/sites\/80\/2025\/11\/Aide-psychologique-Funerailles-Cals-Sereni-300x200.jpg 300w, https:\/\/www.touche.be\/app\/uploads\/sites\/80\/2025\/11\/Aide-psychologique-Funerailles-Cals-Sereni-1024x683.jpg 1024w, https:\/\/www.touche.be\/app\/uploads\/sites\/80\/2025\/11\/Aide-psychologique-Funerailles-Cals-Sereni-768x512.jpg 768w, https:\/\/www.touche.be\/app\/uploads\/sites\/80\/2025\/11\/Aide-psychologique-Funerailles-Cals-Sereni-1536x1024.jpg 1536w, https:\/\/www.touche.be\/app\/uploads\/sites\/80\/2025\/11\/Aide-psychologique-Funerailles-Cals-Sereni-2048x1365.jpg 2048w, https:\/\/www.touche.be\/app\/uploads\/sites\/80\/2025\/11\/Aide-psychologique-Funerailles-Cals-Sereni-450x300.jpg 450w, https:\/\/www.touche.be\/app\/uploads\/sites\/80\/2025\/11\/Aide-psychologique-Funerailles-Cals-Sereni-1300x867.jpg 1300w\" sizes=\"auto, (max-width: 1440px) 100vw, 1440px\" title=\"Aide administrative\" \/>                                                <\/div>\n\n                            <div class=\"banner-content\">\n                    <div class=\"inner\">\n                        <h3>Aide psychologique<\/h3>\n<p>Le deuil est une \u00e9tape unique, propre \u00e0 chacun. Les Fun\u00e9railles Cals collaborent avec des <strong data-start=\"1329\" data-end=\"1363\">psychologues du deuil reconnus<\/strong> pour vous offrir un <strong data-start=\"1384\" data-end=\"1418\">soutien humain et personnalis\u00e9<\/strong>.<br \/>\n<br data-start=\"1419\" data-end=\"1422\" \/>Qu\u2019il s\u2019agisse d\u2019<strong>un besoin ponctuel ou d\u2019un suivi plus long<\/strong>, vous pouvez \u00e0 tout moment prendre contact avec un conseiller du deuil de Sereni.<\/p>\n<p>Il n\u2019existe pas de mode d\u2019emploi pour traverser une perte \u2014 chacun avance <strong>\u00e0 son rythme<\/strong>. Vous choisissez l\u2019accompagnement qui vous convient le mieux.<\/p>\n<p><a class=\"btn btn-primary\" href=\"mailto:nazorg@sereni.be\">Contactez notre consultante en deuil<\/a><\/p>\n                    <\/div>\n                <\/div>\n                    <\/div>\n    <\/div>\n<\/div>\n","protected":false},"excerpt":{"rendered":"","protected":false},"author":1,"featured_media":82659,"parent":24683,"menu_order":9,"comment_status":"closed","ping_status":"closed","template":"","meta":{"_acf_changed":false,"footnotes":""},"class_list":["post-24677","page","type-page","status-publish","has-post-thumbnail","hentry"],"acf":[],"yoast_head":"<!-- This site is optimized with the Yoast SEO plugin v25.8 - https:\/\/yoast.com\/wordpress\/plugins\/seo\/ -->\n<title>Aide administrative et fiscale Cals I Sereni<\/title>\n<meta name=\"description\" content=\"Cals vous soutient avant, pendant et apr\u00e8s les fun\u00e9railles. Soutient administratif, fiscal et psychologique. Contactez-nous.\" \/>\n<meta name=\"robots\" content=\"index, follow, max-snippet:-1, max-image-preview:large, max-video-preview:-1\" \/>\n<link rel=\"canonical\" href=\"https:\/\/www.funeraillescals.be\/fr\/organiser-des-funerailles-cals-sereni\/aide-administrative-cals-sereni\/\" \/>\n<meta property=\"og:locale\" content=\"fr_FR\" \/>\n<meta property=\"og:type\" content=\"article\" \/>\n<meta property=\"og:title\" content=\"Aide administrative et fiscale Cals I Sereni\" \/>\n<meta property=\"og:description\" content=\"Cals vous soutient avant, pendant et apr\u00e8s les fun\u00e9railles. Soutient administratif, fiscal et psychologique. Contactez-nous.\" \/>\n<meta property=\"og:url\" content=\"https:\/\/www.funeraillescals.be\/fr\/organiser-des-funerailles-cals-sereni\/aide-administrative-cals-sereni\/\" \/>\n<meta property=\"og:site_name\" content=\"Cals\" \/>\n<meta property=\"article:modified_time\" content=\"2025-11-20T17:55:03+00:00\" \/>\n<meta property=\"og:image\" content=\"https:\/\/www.touche.be\/app\/uploads\/sites\/80\/2025\/11\/meta-aide-admin.png\" \/>\n\t<meta property=\"og:image:width\" content=\"1200\" \/>\n\t<meta property=\"og:image:height\" content=\"628\" \/>\n\t<meta property=\"og:image:type\" content=\"image\/png\" \/>\n<meta name=\"twitter:card\" content=\"summary_large_image\" \/>\n<meta name=\"twitter:label1\" content=\"Est. reading time\" \/>\n\t<meta name=\"twitter:data1\" content=\"2 minutes\" \/>\n<script type=\"application\/ld+json\" class=\"yoast-schema-graph\">{\"@context\":\"https:\/\/schema.org\",\"@graph\":[{\"@type\":\"WebPage\",\"@id\":\"https:\/\/www.funeraillescals.be\/fr\/organiser-des-funerailles-cals-sereni\/aide-administrative-cals-sereni\/\",\"url\":\"https:\/\/www.funeraillescals.be\/fr\/organiser-des-funerailles-cals-sereni\/aide-administrative-cals-sereni\/\",\"name\":\"Aide administrative et fiscale Cals I Sereni\",\"isPartOf\":{\"@id\":\"https:\/\/www.funeraillescals.be\/fr\/#website\"},\"primaryImageOfPage\":{\"@id\":\"https:\/\/www.funeraillescals.be\/fr\/organiser-des-funerailles-cals-sereni\/aide-administrative-cals-sereni\/#primaryimage\"},\"image\":{\"@id\":\"https:\/\/www.funeraillescals.be\/fr\/organiser-des-funerailles-cals-sereni\/aide-administrative-cals-sereni\/#primaryimage\"},\"thumbnailUrl\":\"https:\/\/www.touche.be\/app\/uploads\/sites\/80\/2025\/11\/ceremonie-dadieu-fleurs-1200-x-960.png\",\"datePublished\":\"2022-04-04T12:26:47+00:00\",\"dateModified\":\"2025-11-20T17:55:03+00:00\",\"description\":\"Cals vous soutient avant, pendant et apr\u00e8s les fun\u00e9railles. Soutient administratif, fiscal et psychologique. Contactez-nous.\",\"breadcrumb\":{\"@id\":\"https:\/\/www.funeraillescals.be\/fr\/organiser-des-funerailles-cals-sereni\/aide-administrative-cals-sereni\/#breadcrumb\"},\"inLanguage\":\"fr-BE\",\"potentialAction\":[{\"@type\":\"ReadAction\",\"target\":[\"https:\/\/www.funeraillescals.be\/fr\/organiser-des-funerailles-cals-sereni\/aide-administrative-cals-sereni\/\"]}]},{\"@type\":\"ImageObject\",\"inLanguage\":\"fr-BE\",\"@id\":\"https:\/\/www.funeraillescals.be\/fr\/organiser-des-funerailles-cals-sereni\/aide-administrative-cals-sereni\/#primaryimage\",\"url\":\"https:\/\/www.touche.be\/app\/uploads\/sites\/80\/2025\/11\/ceremonie-dadieu-fleurs-1200-x-960.png\",\"contentUrl\":\"https:\/\/www.touche.be\/app\/uploads\/sites\/80\/2025\/11\/ceremonie-dadieu-fleurs-1200-x-960.png\",\"width\":1200,\"height\":960},{\"@type\":\"BreadcrumbList\",\"@id\":\"https:\/\/www.funeraillescals.be\/fr\/organiser-des-funerailles-cals-sereni\/aide-administrative-cals-sereni\/#breadcrumb\",\"itemListElement\":[{\"@type\":\"ListItem\",\"position\":1,\"name\":\"Organiser des fun\u00e9railles\",\"item\":\"https:\/\/www.funeraillescals.be\/fr\/organiser-des-funerailles-cals-sereni\/\"},{\"@type\":\"ListItem\",\"position\":2,\"name\":\"Aide administrative\"}]},{\"@type\":\"WebSite\",\"@id\":\"https:\/\/www.funeraillescals.be\/fr\/#website\",\"url\":\"https:\/\/www.funeraillescals.be\/fr\/\",\"name\":\"Cals\",\"description\":\"Just another Sereni site\",\"potentialAction\":[{\"@type\":\"SearchAction\",\"target\":{\"@type\":\"EntryPoint\",\"urlTemplate\":\"https:\/\/www.funeraillescals.be\/fr\/?s={search_term_string}\"},\"query-input\":{\"@type\":\"PropertyValueSpecification\",\"valueRequired\":true,\"valueName\":\"search_term_string\"}}],\"inLanguage\":\"fr-BE\"}]}<\/script>\n<!-- \/ Yoast SEO plugin. -->","yoast_head_json":{"title":"Aide administrative et fiscale Cals I Sereni","description":"Cals vous soutient avant, pendant et apr\u00e8s les fun\u00e9railles. Soutient administratif, fiscal et psychologique. Contactez-nous.","robots":{"index":"index","follow":"follow","max-snippet":"max-snippet:-1","max-image-preview":"max-image-preview:large","max-video-preview":"max-video-preview:-1"},"canonical":"https:\/\/www.funeraillescals.be\/fr\/organiser-des-funerailles-cals-sereni\/aide-administrative-cals-sereni\/","og_locale":"fr_FR","og_type":"article","og_title":"Aide administrative et fiscale Cals I Sereni","og_description":"Cals vous soutient avant, pendant et apr\u00e8s les fun\u00e9railles. Soutient administratif, fiscal et psychologique. Contactez-nous.","og_url":"https:\/\/www.funeraillescals.be\/fr\/organiser-des-funerailles-cals-sereni\/aide-administrative-cals-sereni\/","og_site_name":"Cals","article_modified_time":"2025-11-20T17:55:03+00:00","og_image":[{"width":1200,"height":628,"url":"https:\/\/www.touche.be\/app\/uploads\/sites\/80\/2025\/11\/meta-aide-admin.png","type":"image\/png"}],"twitter_card":"summary_large_image","twitter_misc":{"Est. reading time":"2 minutes"},"schema":{"@context":"https:\/\/schema.org","@graph":[{"@type":"WebPage","@id":"https:\/\/www.funeraillescals.be\/fr\/organiser-des-funerailles-cals-sereni\/aide-administrative-cals-sereni\/","url":"https:\/\/www.funeraillescals.be\/fr\/organiser-des-funerailles-cals-sereni\/aide-administrative-cals-sereni\/","name":"Aide administrative et fiscale Cals I Sereni","isPartOf":{"@id":"https:\/\/www.funeraillescals.be\/fr\/#website"},"primaryImageOfPage":{"@id":"https:\/\/www.funeraillescals.be\/fr\/organiser-des-funerailles-cals-sereni\/aide-administrative-cals-sereni\/#primaryimage"},"image":{"@id":"https:\/\/www.funeraillescals.be\/fr\/organiser-des-funerailles-cals-sereni\/aide-administrative-cals-sereni\/#primaryimage"},"thumbnailUrl":"https:\/\/www.touche.be\/app\/uploads\/sites\/80\/2025\/11\/ceremonie-dadieu-fleurs-1200-x-960.png","datePublished":"2022-04-04T12:26:47+00:00","dateModified":"2025-11-20T17:55:03+00:00","description":"Cals vous soutient avant, pendant et apr\u00e8s les fun\u00e9railles. Soutient administratif, fiscal et psychologique. Contactez-nous.","breadcrumb":{"@id":"https:\/\/www.funeraillescals.be\/fr\/organiser-des-funerailles-cals-sereni\/aide-administrative-cals-sereni\/#breadcrumb"},"inLanguage":"fr-BE","potentialAction":[{"@type":"ReadAction","target":["https:\/\/www.funeraillescals.be\/fr\/organiser-des-funerailles-cals-sereni\/aide-administrative-cals-sereni\/"]}]},{"@type":"ImageObject","inLanguage":"fr-BE","@id":"https:\/\/www.funeraillescals.be\/fr\/organiser-des-funerailles-cals-sereni\/aide-administrative-cals-sereni\/#primaryimage","url":"https:\/\/www.touche.be\/app\/uploads\/sites\/80\/2025\/11\/ceremonie-dadieu-fleurs-1200-x-960.png","contentUrl":"https:\/\/www.touche.be\/app\/uploads\/sites\/80\/2025\/11\/ceremonie-dadieu-fleurs-1200-x-960.png","width":1200,"height":960},{"@type":"BreadcrumbList","@id":"https:\/\/www.funeraillescals.be\/fr\/organiser-des-funerailles-cals-sereni\/aide-administrative-cals-sereni\/#breadcrumb","itemListElement":[{"@type":"ListItem","position":1,"name":"Organiser des fun\u00e9railles","item":"https:\/\/www.funeraillescals.be\/fr\/organiser-des-funerailles-cals-sereni\/"},{"@type":"ListItem","position":2,"name":"Aide administrative"}]},{"@type":"WebSite","@id":"https:\/\/www.funeraillescals.be\/fr\/#website","url":"https:\/\/www.funeraillescals.be\/fr\/","name":"Cals","description":"Just another Sereni site","potentialAction":[{"@type":"SearchAction","target":{"@type":"EntryPoint","urlTemplate":"https:\/\/www.funeraillescals.be\/fr\/?s={search_term_string}"},"query-input":{"@type":"PropertyValueSpecification","valueRequired":true,"valueName":"search_term_string"}}],"inLanguage":"fr-BE"}]}},"_links":{"self":[{"href":"https:\/\/www.funeraillescals.be\/fr\/wp-json\/wp\/v2\/pages\/24677","targetHints":{"allow":["GET"]}}],"collection":[{"href":"https:\/\/www.funeraillescals.be\/fr\/wp-json\/wp\/v2\/pages"}],"about":[{"href":"https:\/\/www.funeraillescals.be\/fr\/wp-json\/wp\/v2\/types\/page"}],"author":[{"embeddable":true,"href":"https:\/\/www.funeraillescals.be\/fr\/wp-json\/wp\/v2\/users\/1"}],"replies":[{"embeddable":true,"href":"https:\/\/www.funeraillescals.be\/fr\/wp-json\/wp\/v2\/comments?post=24677"}],"version-history":[{"count":11,"href":"https:\/\/www.funeraillescals.be\/fr\/wp-json\/wp\/v2\/pages\/24677\/revisions"}],"predecessor-version":[{"id":82943,"href":"https:\/\/www.funeraillescals.be\/fr\/wp-json\/wp\/v2\/pages\/24677\/revisions\/82943"}],"up":[{"embeddable":true,"href":"https:\/\/www.funeraillescals.be\/fr\/wp-json\/wp\/v2\/pages\/24683"}],"wp:featuredmedia":[{"embeddable":true,"href":"https:\/\/www.funeraillescals.be\/fr\/wp-json\/wp\/v2\/media\/82659"}],"wp:attachment":[{"href":"https:\/\/www.funeraillescals.be\/fr\/wp-json\/wp\/v2\/media?parent=24677"}],"curies":[{"name":"wp","href":"https:\/\/api.w.org\/{rel}","templated":true}]}}