{"id":24676,"date":"2022-04-05T10:43:46","date_gmt":"2022-04-05T09:43:46","guid":{"rendered":"https:\/\/www.funeraillescals.be\/onze-diensten\/rouwdrukwerk\/"},"modified":"2025-11-20T18:51:56","modified_gmt":"2025-11-20T17:51:56","slug":"imprimes-funeraires-cals-sereni","status":"publish","type":"page","link":"https:\/\/www.funeraillescals.be\/fr\/organiser-des-funerailles-cals-sereni\/imprimes-funeraires-cals-sereni\/","title":{"rendered":"Imprim\u00e9s fun\u00e9raires"},"content":{"rendered":"\n<div id=\"block-main-banner-block_b8f3d1421e17db66a11e6bf0351e1fd9\" class=\"block-main-banner\">\n    <div class=\"container\">\n        <div class=\"banner-wrap layout2 content_left content_bottom\">\n            <div class=\"banner-image\">\n                                                            <img loading=\"lazy\" decoding=\"async\" width=\"1166\" height=\"874\" src=\"https:\/\/www.touche.be\/app\/uploads\/sites\/80\/2025\/11\/Faire-part-et-cartes-de-deuil-\u2013-Funerailles-Cals-2.jpg\" class=\"attachment-full-stretched size-full-stretched\" alt=\"Imprim\u00e9s fun\u00e9raires\" srcset=\"https:\/\/www.touche.be\/app\/uploads\/sites\/80\/2025\/11\/Faire-part-et-cartes-de-deuil-\u2013-Funerailles-Cals-2.jpg 1166w, https:\/\/www.touche.be\/app\/uploads\/sites\/80\/2025\/11\/Faire-part-et-cartes-de-deuil-\u2013-Funerailles-Cals-2-300x225.jpg 300w, https:\/\/www.touche.be\/app\/uploads\/sites\/80\/2025\/11\/Faire-part-et-cartes-de-deuil-\u2013-Funerailles-Cals-2-1024x768.jpg 1024w, https:\/\/www.touche.be\/app\/uploads\/sites\/80\/2025\/11\/Faire-part-et-cartes-de-deuil-\u2013-Funerailles-Cals-2-768x576.jpg 768w, https:\/\/www.touche.be\/app\/uploads\/sites\/80\/2025\/11\/Faire-part-et-cartes-de-deuil-\u2013-Funerailles-Cals-2-400x300.jpg 400w\" sizes=\"auto, (max-width: 1166px) 100vw, 1166px\" title=\"Imprim\u00e9s fun\u00e9raires\" \/>                                                <\/div>\n\n                            <div class=\"banner-content\">\n                    <div class=\"inner\">\n                        <p data-start=\"138\" data-end=\"439\">Cals r\u00e9alise vos faire-part, cartes de remerciement et souvenirs de deuil avec soin, \u00e9coute et d\u00e9licatesse.<br data-start=\"250\" data-end=\"253\" \/>Chaque jour, notre \u00e9quipe cr\u00e9ative met son savoir-faire au service de vos souhaits\u00a0<strong>pour cr\u00e9er des imprim\u00e9s qui refl\u00e8tent la personnalit\u00e9 du d\u00e9funt<\/strong>\u00a0et apportent r\u00e9confort \u00e0 vos proches.<\/p>\n<p data-start=\"441\" data-end=\"704\">Gr\u00e2ce \u00e0 nos \u00e9quipements d\u2019impression modernes, nous r\u00e9alisons vos commandes rapidement,\u00a0<strong>y compris le week-end<\/strong>. Vous pouvez \u00e9galement nous fournir vos propres fichiers ; dans tous les cas, vous recevrez un\u00a0<strong data-start=\"646\" data-end=\"673\">aper\u00e7u avant impression<\/strong>\u00a0pour valider le rendu final.<\/p>\n<p data-start=\"706\" data-end=\"912\">Nous prenons aussi en charge tout ce qui concerne\u00a0<strong>l\u2019annonce du d\u00e9c\u00e8s<\/strong>\u00a0: n\u00e9crologies dans les journaux, invitations \u00e0 la r\u00e9ception, cartes comm\u00e9moratives, timbres de deuil ou agrandissements photo encadr\u00e9s.<\/p>\n<p><a class=\"btn btn-primary\" href=\"https:\/\/www.funeraillescals.be\/fr\/contact-cals-sereni\/\">Contactez-nous<\/a>\u00a0 \u00a0\u00a0 <a class=\"btn btn-primary\" href=\"https:\/\/www.funeraillescals.be\/fr\/nos-funerariums-cals-sereni\/\">A propos de Cals<\/a><\/p>\n<p>&nbsp;<\/p>\n                    <\/div>\n                <\/div>\n                    <\/div>\n    <\/div>\n<\/div>\n","protected":false},"excerpt":{"rendered":"","protected":false},"author":1,"featured_media":82702,"parent":24683,"menu_order":8,"comment_status":"closed","ping_status":"closed","template":"","meta":{"_acf_changed":false,"footnotes":""},"class_list":["post-24676","page","type-page","status-publish","has-post-thumbnail","hentry"],"acf":[],"yoast_head":"<!-- This site is optimized with the Yoast SEO plugin v25.8 - https:\/\/yoast.com\/wordpress\/plugins\/seo\/ -->\n<title>Imprim\u00e9s fun\u00e9raires Cals I Sereni<\/title>\n<meta name=\"description\" content=\"Fun\u00e9railles Cals cr\u00e9e des imprim\u00e9s fun\u00e9raires personnalis\u00e9s. Vos commandes sont trait\u00e9es rapidement, y compris le week-end.\" \/>\n<meta name=\"robots\" content=\"index, follow, max-snippet:-1, max-image-preview:large, max-video-preview:-1\" \/>\n<link rel=\"canonical\" href=\"https:\/\/www.funeraillescals.be\/fr\/organiser-des-funerailles-cals-sereni\/imprimes-funeraires-cals-sereni\/\" \/>\n<meta property=\"og:locale\" content=\"fr_FR\" \/>\n<meta property=\"og:type\" content=\"article\" \/>\n<meta property=\"og:title\" content=\"Imprim\u00e9s fun\u00e9raires Cals I Sereni\" \/>\n<meta property=\"og:description\" content=\"Fun\u00e9railles Cals cr\u00e9e des imprim\u00e9s fun\u00e9raires personnalis\u00e9s. Vos commandes sont trait\u00e9es rapidement, y compris le week-end.\" \/>\n<meta property=\"og:url\" content=\"https:\/\/www.funeraillescals.be\/fr\/organiser-des-funerailles-cals-sereni\/imprimes-funeraires-cals-sereni\/\" \/>\n<meta property=\"og:site_name\" content=\"Cals\" \/>\n<meta property=\"article:modified_time\" content=\"2025-11-20T17:51:56+00:00\" \/>\n<meta property=\"og:image\" content=\"https:\/\/www.touche.be\/app\/uploads\/sites\/80\/2025\/11\/meta-imprimes-funeraires.png\" \/>\n\t<meta property=\"og:image:width\" content=\"1200\" \/>\n\t<meta property=\"og:image:height\" content=\"628\" \/>\n\t<meta property=\"og:image:type\" content=\"image\/png\" \/>\n<meta name=\"twitter:card\" content=\"summary_large_image\" \/>\n<meta name=\"twitter:label1\" content=\"Est. reading time\" \/>\n\t<meta name=\"twitter:data1\" content=\"1 minute\" \/>\n<script type=\"application\/ld+json\" class=\"yoast-schema-graph\">{\"@context\":\"https:\/\/schema.org\",\"@graph\":[{\"@type\":\"WebPage\",\"@id\":\"https:\/\/www.funeraillescals.be\/fr\/organiser-des-funerailles-cals-sereni\/imprimes-funeraires-cals-sereni\/\",\"url\":\"https:\/\/www.funeraillescals.be\/fr\/organiser-des-funerailles-cals-sereni\/imprimes-funeraires-cals-sereni\/\",\"name\":\"Imprim\u00e9s fun\u00e9raires Cals I Sereni\",\"isPartOf\":{\"@id\":\"https:\/\/www.funeraillescals.be\/fr\/#website\"},\"primaryImageOfPage\":{\"@id\":\"https:\/\/www.funeraillescals.be\/fr\/organiser-des-funerailles-cals-sereni\/imprimes-funeraires-cals-sereni\/#primaryimage\"},\"image\":{\"@id\":\"https:\/\/www.funeraillescals.be\/fr\/organiser-des-funerailles-cals-sereni\/imprimes-funeraires-cals-sereni\/#primaryimage\"},\"thumbnailUrl\":\"https:\/\/www.touche.be\/app\/uploads\/sites\/80\/2025\/11\/pexels-asya-vlasova-228168-4234071-scaled.jpg\",\"datePublished\":\"2022-04-05T09:43:46+00:00\",\"dateModified\":\"2025-11-20T17:51:56+00:00\",\"description\":\"Fun\u00e9railles Cals cr\u00e9e des imprim\u00e9s fun\u00e9raires personnalis\u00e9s. Vos commandes sont trait\u00e9es rapidement, y compris le week-end.\",\"breadcrumb\":{\"@id\":\"https:\/\/www.funeraillescals.be\/fr\/organiser-des-funerailles-cals-sereni\/imprimes-funeraires-cals-sereni\/#breadcrumb\"},\"inLanguage\":\"fr-BE\",\"potentialAction\":[{\"@type\":\"ReadAction\",\"target\":[\"https:\/\/www.funeraillescals.be\/fr\/organiser-des-funerailles-cals-sereni\/imprimes-funeraires-cals-sereni\/\"]}]},{\"@type\":\"ImageObject\",\"inLanguage\":\"fr-BE\",\"@id\":\"https:\/\/www.funeraillescals.be\/fr\/organiser-des-funerailles-cals-sereni\/imprimes-funeraires-cals-sereni\/#primaryimage\",\"url\":\"https:\/\/www.touche.be\/app\/uploads\/sites\/80\/2025\/11\/pexels-asya-vlasova-228168-4234071-scaled.jpg\",\"contentUrl\":\"https:\/\/www.touche.be\/app\/uploads\/sites\/80\/2025\/11\/pexels-asya-vlasova-228168-4234071-scaled.jpg\",\"width\":2560,\"height\":1920},{\"@type\":\"BreadcrumbList\",\"@id\":\"https:\/\/www.funeraillescals.be\/fr\/organiser-des-funerailles-cals-sereni\/imprimes-funeraires-cals-sereni\/#breadcrumb\",\"itemListElement\":[{\"@type\":\"ListItem\",\"position\":1,\"name\":\"Organiser des fun\u00e9railles\",\"item\":\"https:\/\/www.funeraillescals.be\/fr\/organiser-des-funerailles-cals-sereni\/\"},{\"@type\":\"ListItem\",\"position\":2,\"name\":\"Imprim\u00e9s fun\u00e9raires\"}]},{\"@type\":\"WebSite\",\"@id\":\"https:\/\/www.funeraillescals.be\/fr\/#website\",\"url\":\"https:\/\/www.funeraillescals.be\/fr\/\",\"name\":\"Cals\",\"description\":\"Just another Sereni site\",\"potentialAction\":[{\"@type\":\"SearchAction\",\"target\":{\"@type\":\"EntryPoint\",\"urlTemplate\":\"https:\/\/www.funeraillescals.be\/fr\/?s={search_term_string}\"},\"query-input\":{\"@type\":\"PropertyValueSpecification\",\"valueRequired\":true,\"valueName\":\"search_term_string\"}}],\"inLanguage\":\"fr-BE\"}]}<\/script>\n<!-- \/ Yoast SEO plugin. -->","yoast_head_json":{"title":"Imprim\u00e9s fun\u00e9raires Cals I Sereni","description":"Fun\u00e9railles Cals cr\u00e9e des imprim\u00e9s fun\u00e9raires personnalis\u00e9s. Vos commandes sont trait\u00e9es rapidement, y compris le week-end.","robots":{"index":"index","follow":"follow","max-snippet":"max-snippet:-1","max-image-preview":"max-image-preview:large","max-video-preview":"max-video-preview:-1"},"canonical":"https:\/\/www.funeraillescals.be\/fr\/organiser-des-funerailles-cals-sereni\/imprimes-funeraires-cals-sereni\/","og_locale":"fr_FR","og_type":"article","og_title":"Imprim\u00e9s fun\u00e9raires Cals I Sereni","og_description":"Fun\u00e9railles Cals cr\u00e9e des imprim\u00e9s fun\u00e9raires personnalis\u00e9s. Vos commandes sont trait\u00e9es rapidement, y compris le week-end.","og_url":"https:\/\/www.funeraillescals.be\/fr\/organiser-des-funerailles-cals-sereni\/imprimes-funeraires-cals-sereni\/","og_site_name":"Cals","article_modified_time":"2025-11-20T17:51:56+00:00","og_image":[{"width":1200,"height":628,"url":"https:\/\/www.touche.be\/app\/uploads\/sites\/80\/2025\/11\/meta-imprimes-funeraires.png","type":"image\/png"}],"twitter_card":"summary_large_image","twitter_misc":{"Est. reading time":"1 minute"},"schema":{"@context":"https:\/\/schema.org","@graph":[{"@type":"WebPage","@id":"https:\/\/www.funeraillescals.be\/fr\/organiser-des-funerailles-cals-sereni\/imprimes-funeraires-cals-sereni\/","url":"https:\/\/www.funeraillescals.be\/fr\/organiser-des-funerailles-cals-sereni\/imprimes-funeraires-cals-sereni\/","name":"Imprim\u00e9s fun\u00e9raires Cals I Sereni","isPartOf":{"@id":"https:\/\/www.funeraillescals.be\/fr\/#website"},"primaryImageOfPage":{"@id":"https:\/\/www.funeraillescals.be\/fr\/organiser-des-funerailles-cals-sereni\/imprimes-funeraires-cals-sereni\/#primaryimage"},"image":{"@id":"https:\/\/www.funeraillescals.be\/fr\/organiser-des-funerailles-cals-sereni\/imprimes-funeraires-cals-sereni\/#primaryimage"},"thumbnailUrl":"https:\/\/www.touche.be\/app\/uploads\/sites\/80\/2025\/11\/pexels-asya-vlasova-228168-4234071-scaled.jpg","datePublished":"2022-04-05T09:43:46+00:00","dateModified":"2025-11-20T17:51:56+00:00","description":"Fun\u00e9railles Cals cr\u00e9e des imprim\u00e9s fun\u00e9raires personnalis\u00e9s. Vos commandes sont trait\u00e9es rapidement, y compris le week-end.","breadcrumb":{"@id":"https:\/\/www.funeraillescals.be\/fr\/organiser-des-funerailles-cals-sereni\/imprimes-funeraires-cals-sereni\/#breadcrumb"},"inLanguage":"fr-BE","potentialAction":[{"@type":"ReadAction","target":["https:\/\/www.funeraillescals.be\/fr\/organiser-des-funerailles-cals-sereni\/imprimes-funeraires-cals-sereni\/"]}]},{"@type":"ImageObject","inLanguage":"fr-BE","@id":"https:\/\/www.funeraillescals.be\/fr\/organiser-des-funerailles-cals-sereni\/imprimes-funeraires-cals-sereni\/#primaryimage","url":"https:\/\/www.touche.be\/app\/uploads\/sites\/80\/2025\/11\/pexels-asya-vlasova-228168-4234071-scaled.jpg","contentUrl":"https:\/\/www.touche.be\/app\/uploads\/sites\/80\/2025\/11\/pexels-asya-vlasova-228168-4234071-scaled.jpg","width":2560,"height":1920},{"@type":"BreadcrumbList","@id":"https:\/\/www.funeraillescals.be\/fr\/organiser-des-funerailles-cals-sereni\/imprimes-funeraires-cals-sereni\/#breadcrumb","itemListElement":[{"@type":"ListItem","position":1,"name":"Organiser des fun\u00e9railles","item":"https:\/\/www.funeraillescals.be\/fr\/organiser-des-funerailles-cals-sereni\/"},{"@type":"ListItem","position":2,"name":"Imprim\u00e9s fun\u00e9raires"}]},{"@type":"WebSite","@id":"https:\/\/www.funeraillescals.be\/fr\/#website","url":"https:\/\/www.funeraillescals.be\/fr\/","name":"Cals","description":"Just another Sereni site","potentialAction":[{"@type":"SearchAction","target":{"@type":"EntryPoint","urlTemplate":"https:\/\/www.funeraillescals.be\/fr\/?s={search_term_string}"},"query-input":{"@type":"PropertyValueSpecification","valueRequired":true,"valueName":"search_term_string"}}],"inLanguage":"fr-BE"}]}},"_links":{"self":[{"href":"https:\/\/www.funeraillescals.be\/fr\/wp-json\/wp\/v2\/pages\/24676","targetHints":{"allow":["GET"]}}],"collection":[{"href":"https:\/\/www.funeraillescals.be\/fr\/wp-json\/wp\/v2\/pages"}],"about":[{"href":"https:\/\/www.funeraillescals.be\/fr\/wp-json\/wp\/v2\/types\/page"}],"author":[{"embeddable":true,"href":"https:\/\/www.funeraillescals.be\/fr\/wp-json\/wp\/v2\/users\/1"}],"replies":[{"embeddable":true,"href":"https:\/\/www.funeraillescals.be\/fr\/wp-json\/wp\/v2\/comments?post=24676"}],"version-history":[{"count":11,"href":"https:\/\/www.funeraillescals.be\/fr\/wp-json\/wp\/v2\/pages\/24676\/revisions"}],"predecessor-version":[{"id":82937,"href":"https:\/\/www.funeraillescals.be\/fr\/wp-json\/wp\/v2\/pages\/24676\/revisions\/82937"}],"up":[{"embeddable":true,"href":"https:\/\/www.funeraillescals.be\/fr\/wp-json\/wp\/v2\/pages\/24683"}],"wp:featuredmedia":[{"embeddable":true,"href":"https:\/\/www.funeraillescals.be\/fr\/wp-json\/wp\/v2\/media\/82702"}],"wp:attachment":[{"href":"https:\/\/www.funeraillescals.be\/fr\/wp-json\/wp\/v2\/media?parent=24676"}],"curies":[{"name":"wp","href":"https:\/\/api.w.org\/{rel}","templated":true}]}}