{"id":24674,"date":"2022-04-04T13:55:39","date_gmt":"2022-04-04T12:55:39","guid":{"rendered":"https:\/\/www.funeraillescals.be\/onze-diensten\/vervoer-en-repatriering\/"},"modified":"2025-11-20T18:51:31","modified_gmt":"2025-11-20T17:51:31","slug":"transfert-et-rapatriement-cals-sereni","status":"publish","type":"page","link":"https:\/\/www.funeraillescals.be\/fr\/organiser-des-funerailles-cals-sereni\/transfert-et-rapatriement-cals-sereni\/","title":{"rendered":"Transfert et rapatriement"},"content":{"rendered":"\n<div id=\"block-main-banner-block_79608a33195f8d66173b83b87c40961b\" class=\"block-main-banner\">\n    <div class=\"container\">\n        <div class=\"banner-wrap layout2 content_right content_bottom\">\n            <div class=\"banner-image\">\n                                                            <img loading=\"lazy\" decoding=\"async\" width=\"720\" height=\"480\" src=\"https:\/\/www.touche.be\/app\/uploads\/sites\/80\/2025\/11\/Avion-dans-le-ciel-\u2013-Rapatriement-funeraire-Funerailles-Cals.jpg\" class=\"attachment-full-stretched size-full-stretched\" alt=\"Transfert et rapatriement\" srcset=\"https:\/\/www.touche.be\/app\/uploads\/sites\/80\/2025\/11\/Avion-dans-le-ciel-\u2013-Rapatriement-funeraire-Funerailles-Cals.jpg 720w, https:\/\/www.touche.be\/app\/uploads\/sites\/80\/2025\/11\/Avion-dans-le-ciel-\u2013-Rapatriement-funeraire-Funerailles-Cals-300x200.jpg 300w, https:\/\/www.touche.be\/app\/uploads\/sites\/80\/2025\/11\/Avion-dans-le-ciel-\u2013-Rapatriement-funeraire-Funerailles-Cals-450x300.jpg 450w\" sizes=\"auto, (max-width: 720px) 100vw, 720px\" title=\"Transfert et rapatriement\" \/>                                                <\/div>\n\n                            <div class=\"banner-content\">\n                    <div class=\"inner\">\n                        <p data-start=\"151\" data-end=\"434\">En cas de d\u00e9c\u00e8s \u00e0 l\u2019\u00e9tranger, la famille peut choisir une inhumation ou une cr\u00e9mation sur place, ou demander le rapatriement en Belgique. Cette option\u00a0<strong>peut engendrer des frais \u00e9lev\u00e9s<\/strong>, parfois partiellement couverts par certaines assurances obs\u00e8ques, mais dans des limites pr\u00e9cises.<\/p>\n<p data-start=\"436\" data-end=\"603\">Le transfert n\u2019est autoris\u00e9 qu\u2019avec l\u2019accord des autorit\u00e9s locales et, pour un transport a\u00e9rien, selon des\u00a0<strong>normes internationales strictes<\/strong>, variables selon les pays.<\/p>\n<p data-start=\"605\" data-end=\"805\">Chez Cals, <strong>nous nous chargeons de toutes ces d\u00e9marches.<\/strong>\u00a0Contactez-nous : nous v\u00e9rifions les possibilit\u00e9s, vous expliquons chaque \u00e9tape et vous accompagnons pour que tout se d\u00e9roule sereinement.<\/p>\n<p><a class=\"btn btn-primary\" href=\"https:\/\/www.funeraillescals.be\/fr\/contact-cals-sereni\/\">Contactez-nous<\/a>\u00a0 \u00a0\u00a0 <a class=\"btn btn-primary\" href=\"https:\/\/www.funeraillescals.be\/fr\/nos-funerariums-cals-sereni\/\">A propos de Cals<\/a><\/p>\n<p>&nbsp;<\/p>\n                    <\/div>\n                <\/div>\n                    <\/div>\n    <\/div>\n<\/div>\n\n\n<div id=\"block-variable-content-list-block_8f0bc6cbecf851212f07bca1301be735\" class=\"block-variable-content-list default\">\n    <div class=\"container\">\n        <div class=\"widget-wrap per_row_2\">\n                        <div class=\"block-content\">\n                                                                                    <div class=\"element\">\n                                                            \n                                                                    <div class=\"image-wrap\">\n                                                                                    <a href=\"https:\/\/www.funeraillescals.be\/fr\/organiser-des-funerailles-cals-sereni\/imprimes-funeraires-cals-sereni\/\">\n                                                                                    <img loading=\"lazy\" decoding=\"async\" width=\"944\" height=\"629\" src=\"https:\/\/www.touche.be\/app\/uploads\/sites\/80\/2025\/11\/Faire-part-et-cartes-de-deuil-\u2013-Funerailles-Cals-3.jpg\" class=\"attachment-large size-large\" alt=\"Transfert et rapatriement\" srcset=\"https:\/\/www.touche.be\/app\/uploads\/sites\/80\/2025\/11\/Faire-part-et-cartes-de-deuil-\u2013-Funerailles-Cals-3.jpg 944w, https:\/\/www.touche.be\/app\/uploads\/sites\/80\/2025\/11\/Faire-part-et-cartes-de-deuil-\u2013-Funerailles-Cals-3-300x200.jpg 300w, https:\/\/www.touche.be\/app\/uploads\/sites\/80\/2025\/11\/Faire-part-et-cartes-de-deuil-\u2013-Funerailles-Cals-3-768x512.jpg 768w, https:\/\/www.touche.be\/app\/uploads\/sites\/80\/2025\/11\/Faire-part-et-cartes-de-deuil-\u2013-Funerailles-Cals-3-450x300.jpg 450w\" sizes=\"auto, (max-width: 944px) 100vw, 944px\" title=\"Transfert et rapatriement\" \/>                                                                                    <\/a>\n                                                                            <\/div>\n                                \n                                                                    <div class=\"content-wrap\">\n                                        <h4>Imprim\u00e9s fun\u00e9raires<\/h4>\n<p>Imprim\u00e9s fun\u00e9raires personnalis\u00e9s pour honorer la m\u00e9moire du d\u00e9funt.<\/p>\n<p><a class=\"btn btn-primary\" href=\"https:\/\/www.funeraillescals.be\/fr\/organiser-des-funerailles-cals-sereni\/imprimes-funeraires-cals-sereni\/\">Plus d\u2019info<\/a><\/p>\n                                    <\/div>\n                                                                                    <\/div>\n                                                                    <div class=\"element\">\n                                                            \n                                                                    <div class=\"image-wrap\">\n                                                                                    <a href=\"https:\/\/www.funeraillescals.be\/fr\/organiser-des-funerailles-cals-sereni\/aide-administrative-cals-sereni\/\">\n                                                                                    <img loading=\"lazy\" decoding=\"async\" width=\"1024\" height=\"683\" src=\"https:\/\/www.touche.be\/app\/uploads\/sites\/80\/2025\/11\/Aide-psychologique-Funerailles-Cals-Sereni-1024x683.jpg\" class=\"attachment-large size-large\" alt=\"Transfert et rapatriement\" srcset=\"https:\/\/www.touche.be\/app\/uploads\/sites\/80\/2025\/11\/Aide-psychologique-Funerailles-Cals-Sereni-1024x683.jpg 1024w, https:\/\/www.touche.be\/app\/uploads\/sites\/80\/2025\/11\/Aide-psychologique-Funerailles-Cals-Sereni-300x200.jpg 300w, https:\/\/www.touche.be\/app\/uploads\/sites\/80\/2025\/11\/Aide-psychologique-Funerailles-Cals-Sereni-768x512.jpg 768w, https:\/\/www.touche.be\/app\/uploads\/sites\/80\/2025\/11\/Aide-psychologique-Funerailles-Cals-Sereni-1536x1024.jpg 1536w, https:\/\/www.touche.be\/app\/uploads\/sites\/80\/2025\/11\/Aide-psychologique-Funerailles-Cals-Sereni-2048x1365.jpg 2048w, https:\/\/www.touche.be\/app\/uploads\/sites\/80\/2025\/11\/Aide-psychologique-Funerailles-Cals-Sereni-450x300.jpg 450w, https:\/\/www.touche.be\/app\/uploads\/sites\/80\/2025\/11\/Aide-psychologique-Funerailles-Cals-Sereni-1300x867.jpg 1300w, https:\/\/www.touche.be\/app\/uploads\/sites\/80\/2025\/11\/Aide-psychologique-Funerailles-Cals-Sereni-1440x960.jpg 1440w\" sizes=\"auto, (max-width: 1024px) 100vw, 1024px\" title=\"Transfert et rapatriement\" \/>                                                                                    <\/a>\n                                                                            <\/div>\n                                \n                                                                    <div class=\"content-wrap\">\n                                        <h4>Aide administrative et psy<\/h4>\n<p>Soutien administratif, fiscal et psychologique apr\u00e8s les fun\u00e9railles.<\/p>\n<p><a class=\"btn btn-primary\" href=\"https:\/\/www.funeraillescals.be\/fr\/organiser-des-funerailles-cals-sereni\/aide-administrative-cals-sereni\/\">Plus d\u2019info<\/a><\/p>\n                                    <\/div>\n                                                                                    <\/div>\n                                                <\/div>\n        <\/div>\n    <\/div>\n<\/div>\n","protected":false},"excerpt":{"rendered":"","protected":false},"author":1,"featured_media":82769,"parent":24683,"menu_order":6,"comment_status":"closed","ping_status":"closed","template":"","meta":{"_acf_changed":false,"footnotes":""},"class_list":["post-24674","page","type-page","status-publish","has-post-thumbnail","hentry"],"acf":[],"yoast_head":"<!-- This site is optimized with the Yoast SEO plugin v25.8 - https:\/\/yoast.com\/wordpress\/plugins\/seo\/ -->\n<title>Transfert et rapatriement Cals I Sereni<\/title>\n<meta name=\"description\" content=\"Les fun\u00e9railles Cals prennent en charge le rapatriement et vous explique toutes les d\u00e9marches, de A \u00e0 Z, en toute transparence.\" \/>\n<meta name=\"robots\" content=\"index, follow, max-snippet:-1, max-image-preview:large, max-video-preview:-1\" \/>\n<link rel=\"canonical\" href=\"https:\/\/www.funeraillescals.be\/fr\/organiser-des-funerailles-cals-sereni\/transfert-et-rapatriement-cals-sereni\/\" \/>\n<meta property=\"og:locale\" content=\"fr_FR\" \/>\n<meta property=\"og:type\" content=\"article\" \/>\n<meta property=\"og:title\" content=\"Transfert et rapatriement Cals I Sereni\" \/>\n<meta property=\"og:description\" content=\"Les fun\u00e9railles Cals prennent en charge le rapatriement et vous explique toutes les d\u00e9marches, de A \u00e0 Z, en toute transparence.\" \/>\n<meta property=\"og:url\" content=\"https:\/\/www.funeraillescals.be\/fr\/organiser-des-funerailles-cals-sereni\/transfert-et-rapatriement-cals-sereni\/\" \/>\n<meta property=\"og:site_name\" content=\"Cals\" \/>\n<meta property=\"article:modified_time\" content=\"2025-11-20T17:51:31+00:00\" \/>\n<meta property=\"og:image\" content=\"https:\/\/www.touche.be\/app\/uploads\/sites\/80\/2025\/11\/meta-rapatriement.png\" \/>\n\t<meta property=\"og:image:width\" content=\"1200\" \/>\n\t<meta property=\"og:image:height\" content=\"628\" \/>\n\t<meta property=\"og:image:type\" content=\"image\/png\" \/>\n<meta name=\"twitter:card\" content=\"summary_large_image\" \/>\n<meta name=\"twitter:label1\" content=\"Est. reading time\" \/>\n\t<meta name=\"twitter:data1\" content=\"2 minutes\" \/>\n<script type=\"application\/ld+json\" class=\"yoast-schema-graph\">{\"@context\":\"https:\/\/schema.org\",\"@graph\":[{\"@type\":\"WebPage\",\"@id\":\"https:\/\/www.funeraillescals.be\/fr\/organiser-des-funerailles-cals-sereni\/transfert-et-rapatriement-cals-sereni\/\",\"url\":\"https:\/\/www.funeraillescals.be\/fr\/organiser-des-funerailles-cals-sereni\/transfert-et-rapatriement-cals-sereni\/\",\"name\":\"Transfert et rapatriement Cals I Sereni\",\"isPartOf\":{\"@id\":\"https:\/\/www.funeraillescals.be\/fr\/#website\"},\"primaryImageOfPage\":{\"@id\":\"https:\/\/www.funeraillescals.be\/fr\/organiser-des-funerailles-cals-sereni\/transfert-et-rapatriement-cals-sereni\/#primaryimage\"},\"image\":{\"@id\":\"https:\/\/www.funeraillescals.be\/fr\/organiser-des-funerailles-cals-sereni\/transfert-et-rapatriement-cals-sereni\/#primaryimage\"},\"thumbnailUrl\":\"https:\/\/www.touche.be\/app\/uploads\/sites\/80\/2025\/11\/rapatriement-scaled.png\",\"datePublished\":\"2022-04-04T12:55:39+00:00\",\"dateModified\":\"2025-11-20T17:51:31+00:00\",\"description\":\"Les fun\u00e9railles Cals prennent en charge le rapatriement et vous explique toutes les d\u00e9marches, de A \u00e0 Z, en toute transparence.\",\"breadcrumb\":{\"@id\":\"https:\/\/www.funeraillescals.be\/fr\/organiser-des-funerailles-cals-sereni\/transfert-et-rapatriement-cals-sereni\/#breadcrumb\"},\"inLanguage\":\"fr-BE\",\"potentialAction\":[{\"@type\":\"ReadAction\",\"target\":[\"https:\/\/www.funeraillescals.be\/fr\/organiser-des-funerailles-cals-sereni\/transfert-et-rapatriement-cals-sereni\/\"]}]},{\"@type\":\"ImageObject\",\"inLanguage\":\"fr-BE\",\"@id\":\"https:\/\/www.funeraillescals.be\/fr\/organiser-des-funerailles-cals-sereni\/transfert-et-rapatriement-cals-sereni\/#primaryimage\",\"url\":\"https:\/\/www.touche.be\/app\/uploads\/sites\/80\/2025\/11\/rapatriement-scaled.png\",\"contentUrl\":\"https:\/\/www.touche.be\/app\/uploads\/sites\/80\/2025\/11\/rapatriement-scaled.png\",\"width\":2560,\"height\":1706},{\"@type\":\"BreadcrumbList\",\"@id\":\"https:\/\/www.funeraillescals.be\/fr\/organiser-des-funerailles-cals-sereni\/transfert-et-rapatriement-cals-sereni\/#breadcrumb\",\"itemListElement\":[{\"@type\":\"ListItem\",\"position\":1,\"name\":\"Organiser des fun\u00e9railles\",\"item\":\"https:\/\/www.funeraillescals.be\/fr\/organiser-des-funerailles-cals-sereni\/\"},{\"@type\":\"ListItem\",\"position\":2,\"name\":\"Transfert et rapatriement\"}]},{\"@type\":\"WebSite\",\"@id\":\"https:\/\/www.funeraillescals.be\/fr\/#website\",\"url\":\"https:\/\/www.funeraillescals.be\/fr\/\",\"name\":\"Cals\",\"description\":\"Just another Sereni site\",\"potentialAction\":[{\"@type\":\"SearchAction\",\"target\":{\"@type\":\"EntryPoint\",\"urlTemplate\":\"https:\/\/www.funeraillescals.be\/fr\/?s={search_term_string}\"},\"query-input\":{\"@type\":\"PropertyValueSpecification\",\"valueRequired\":true,\"valueName\":\"search_term_string\"}}],\"inLanguage\":\"fr-BE\"}]}<\/script>\n<!-- \/ Yoast SEO plugin. -->","yoast_head_json":{"title":"Transfert et rapatriement Cals I Sereni","description":"Les fun\u00e9railles Cals prennent en charge le rapatriement et vous explique toutes les d\u00e9marches, de A \u00e0 Z, en toute transparence.","robots":{"index":"index","follow":"follow","max-snippet":"max-snippet:-1","max-image-preview":"max-image-preview:large","max-video-preview":"max-video-preview:-1"},"canonical":"https:\/\/www.funeraillescals.be\/fr\/organiser-des-funerailles-cals-sereni\/transfert-et-rapatriement-cals-sereni\/","og_locale":"fr_FR","og_type":"article","og_title":"Transfert et rapatriement Cals I Sereni","og_description":"Les fun\u00e9railles Cals prennent en charge le rapatriement et vous explique toutes les d\u00e9marches, de A \u00e0 Z, en toute transparence.","og_url":"https:\/\/www.funeraillescals.be\/fr\/organiser-des-funerailles-cals-sereni\/transfert-et-rapatriement-cals-sereni\/","og_site_name":"Cals","article_modified_time":"2025-11-20T17:51:31+00:00","og_image":[{"width":1200,"height":628,"url":"https:\/\/www.touche.be\/app\/uploads\/sites\/80\/2025\/11\/meta-rapatriement.png","type":"image\/png"}],"twitter_card":"summary_large_image","twitter_misc":{"Est. reading time":"2 minutes"},"schema":{"@context":"https:\/\/schema.org","@graph":[{"@type":"WebPage","@id":"https:\/\/www.funeraillescals.be\/fr\/organiser-des-funerailles-cals-sereni\/transfert-et-rapatriement-cals-sereni\/","url":"https:\/\/www.funeraillescals.be\/fr\/organiser-des-funerailles-cals-sereni\/transfert-et-rapatriement-cals-sereni\/","name":"Transfert et rapatriement Cals I Sereni","isPartOf":{"@id":"https:\/\/www.funeraillescals.be\/fr\/#website"},"primaryImageOfPage":{"@id":"https:\/\/www.funeraillescals.be\/fr\/organiser-des-funerailles-cals-sereni\/transfert-et-rapatriement-cals-sereni\/#primaryimage"},"image":{"@id":"https:\/\/www.funeraillescals.be\/fr\/organiser-des-funerailles-cals-sereni\/transfert-et-rapatriement-cals-sereni\/#primaryimage"},"thumbnailUrl":"https:\/\/www.touche.be\/app\/uploads\/sites\/80\/2025\/11\/rapatriement-scaled.png","datePublished":"2022-04-04T12:55:39+00:00","dateModified":"2025-11-20T17:51:31+00:00","description":"Les fun\u00e9railles Cals prennent en charge le rapatriement et vous explique toutes les d\u00e9marches, de A \u00e0 Z, en toute transparence.","breadcrumb":{"@id":"https:\/\/www.funeraillescals.be\/fr\/organiser-des-funerailles-cals-sereni\/transfert-et-rapatriement-cals-sereni\/#breadcrumb"},"inLanguage":"fr-BE","potentialAction":[{"@type":"ReadAction","target":["https:\/\/www.funeraillescals.be\/fr\/organiser-des-funerailles-cals-sereni\/transfert-et-rapatriement-cals-sereni\/"]}]},{"@type":"ImageObject","inLanguage":"fr-BE","@id":"https:\/\/www.funeraillescals.be\/fr\/organiser-des-funerailles-cals-sereni\/transfert-et-rapatriement-cals-sereni\/#primaryimage","url":"https:\/\/www.touche.be\/app\/uploads\/sites\/80\/2025\/11\/rapatriement-scaled.png","contentUrl":"https:\/\/www.touche.be\/app\/uploads\/sites\/80\/2025\/11\/rapatriement-scaled.png","width":2560,"height":1706},{"@type":"BreadcrumbList","@id":"https:\/\/www.funeraillescals.be\/fr\/organiser-des-funerailles-cals-sereni\/transfert-et-rapatriement-cals-sereni\/#breadcrumb","itemListElement":[{"@type":"ListItem","position":1,"name":"Organiser des fun\u00e9railles","item":"https:\/\/www.funeraillescals.be\/fr\/organiser-des-funerailles-cals-sereni\/"},{"@type":"ListItem","position":2,"name":"Transfert et rapatriement"}]},{"@type":"WebSite","@id":"https:\/\/www.funeraillescals.be\/fr\/#website","url":"https:\/\/www.funeraillescals.be\/fr\/","name":"Cals","description":"Just another Sereni site","potentialAction":[{"@type":"SearchAction","target":{"@type":"EntryPoint","urlTemplate":"https:\/\/www.funeraillescals.be\/fr\/?s={search_term_string}"},"query-input":{"@type":"PropertyValueSpecification","valueRequired":true,"valueName":"search_term_string"}}],"inLanguage":"fr-BE"}]}},"_links":{"self":[{"href":"https:\/\/www.funeraillescals.be\/fr\/wp-json\/wp\/v2\/pages\/24674","targetHints":{"allow":["GET"]}}],"collection":[{"href":"https:\/\/www.funeraillescals.be\/fr\/wp-json\/wp\/v2\/pages"}],"about":[{"href":"https:\/\/www.funeraillescals.be\/fr\/wp-json\/wp\/v2\/types\/page"}],"author":[{"embeddable":true,"href":"https:\/\/www.funeraillescals.be\/fr\/wp-json\/wp\/v2\/users\/1"}],"replies":[{"embeddable":true,"href":"https:\/\/www.funeraillescals.be\/fr\/wp-json\/wp\/v2\/comments?post=24674"}],"version-history":[{"count":14,"href":"https:\/\/www.funeraillescals.be\/fr\/wp-json\/wp\/v2\/pages\/24674\/revisions"}],"predecessor-version":[{"id":82936,"href":"https:\/\/www.funeraillescals.be\/fr\/wp-json\/wp\/v2\/pages\/24674\/revisions\/82936"}],"up":[{"embeddable":true,"href":"https:\/\/www.funeraillescals.be\/fr\/wp-json\/wp\/v2\/pages\/24683"}],"wp:featuredmedia":[{"embeddable":true,"href":"https:\/\/www.funeraillescals.be\/fr\/wp-json\/wp\/v2\/media\/82769"}],"wp:attachment":[{"href":"https:\/\/www.funeraillescals.be\/fr\/wp-json\/wp\/v2\/media?parent=24674"}],"curies":[{"name":"wp","href":"https:\/\/api.w.org\/{rel}","templated":true}]}}