{"id":24673,"date":"2022-04-04T12:33:40","date_gmt":"2022-04-04T11:33:40","guid":{"rendered":"https:\/\/www.funeraillescals.be\/onze-diensten\/uitvaartplan-opstellen\/"},"modified":"2025-12-11T16:17:21","modified_gmt":"2025-12-11T15:17:21","slug":"plan-funeraire-cals-sereni","status":"publish","type":"page","link":"https:\/\/www.funeraillescals.be\/fr\/anticiper-et-prevoir-cals-sereni\/plan-funeraire-cals-sereni\/","title":{"rendered":"Plan fun\u00e9raire"},"content":{"rendered":"\n<div id=\"block-main-banner-block_4a102fe651ab8d2b74e31a74ad6f2192\" class=\"block-main-banner\">\n    <div class=\"container\">\n        <div class=\"banner-wrap layout2 content_right content_top\">\n            <div class=\"banner-image\">\n                                                            <img loading=\"lazy\" decoding=\"async\" width=\"1440\" height=\"960\" src=\"https:\/\/www.touche.be\/app\/uploads\/sites\/80\/2025\/11\/plan-funeraire-1440x960.jpg\" class=\"attachment-full-stretched size-full-stretched\" alt=\"Plan fun\u00e9raire\" srcset=\"https:\/\/www.touche.be\/app\/uploads\/sites\/80\/2025\/11\/plan-funeraire-1440x960.jpg 1440w, https:\/\/www.touche.be\/app\/uploads\/sites\/80\/2025\/11\/plan-funeraire-300x200.jpg 300w, https:\/\/www.touche.be\/app\/uploads\/sites\/80\/2025\/11\/plan-funeraire-1024x683.jpg 1024w, https:\/\/www.touche.be\/app\/uploads\/sites\/80\/2025\/11\/plan-funeraire-768x512.jpg 768w, https:\/\/www.touche.be\/app\/uploads\/sites\/80\/2025\/11\/plan-funeraire-1536x1024.jpg 1536w, https:\/\/www.touche.be\/app\/uploads\/sites\/80\/2025\/11\/plan-funeraire-2048x1365.jpg 2048w, https:\/\/www.touche.be\/app\/uploads\/sites\/80\/2025\/11\/plan-funeraire-450x300.jpg 450w, https:\/\/www.touche.be\/app\/uploads\/sites\/80\/2025\/11\/plan-funeraire-1300x867.jpg 1300w\" sizes=\"auto, (max-width: 1440px) 100vw, 1440px\" title=\"Plan fun\u00e9raire\" \/>                                                <\/div>\n\n                            <div class=\"banner-content\">\n                    <div class=\"inner\">\n                        <h2>Qu\u2019est-ce qu\u2019un plan fun\u00e9raire ?<\/h2>\n<p data-start=\"97\" data-end=\"295\">Un plan fun\u00e9raire, c\u2019est pr\u00e9parer \u00e0 l\u2019avance vos fun\u00e9railles en pr\u00e9cisant vos souhaits pour la c\u00e9r\u00e9monie, l\u2019inhumation ou la cr\u00e9mation, et le budget associ\u00e9.<\/p>\n<p data-start=\"297\" data-end=\"353\"><strong data-start=\"297\" data-end=\"351\">Pourquoi pr\u00e9parer vos fun\u00e9railles d\u00e8s maintenant ?<\/strong><\/p>\n<ul data-start=\"354\" data-end=\"699\">\n<li data-start=\"354\" data-end=\"438\">\n<p data-start=\"356\" data-end=\"438\"><strong data-start=\"356\" data-end=\"384\">Pour r\u00e9fl\u00e9chir calmement<\/strong>\u00a0: vous prenez vos d\u00e9cisions sans stress ni urgence.<\/p>\n<\/li>\n<li data-start=\"439\" data-end=\"537\">\n<p data-start=\"441\" data-end=\"537\"><strong data-start=\"441\" data-end=\"470\">Pour soulager vos proches<\/strong>\u00a0: ils n\u2019auront pas \u00e0 d\u00e9cider pour vous dans un moment difficile.<\/p>\n<\/li>\n<li data-start=\"538\" data-end=\"623\">\n<p data-start=\"540\" data-end=\"623\"><strong data-start=\"540\" data-end=\"568\">Pour ma\u00eetriser le budget<\/strong>\u00a0: vous savez exactement combien co\u00fbteront vos choix.<\/p>\n<\/li>\n<li data-start=\"624\" data-end=\"699\">\n<p data-start=\"626\" data-end=\"699\"><strong data-start=\"626\" data-end=\"670\">Pour garantir le respect de vos volont\u00e9s<\/strong>\u00a0: tout est \u00e9crit et suivi.<\/p>\n<\/li>\n<\/ul>\n<p data-start=\"701\" data-end=\"854\">En r\u00e9sum\u00e9, pr\u00e9parer vos fun\u00e9railles \u00e0 l\u2019avance, c\u2019est la garantie que vos souhaits seront respect\u00e9s tout en apportant s\u00e9r\u00e9nit\u00e9 \u00e0 vous et \u00e0 vos proches.<\/p>\n<p><a class=\"btn btn-primary\" href=\"https:\/\/www.funeraillescals.be\/fr\/contact-cals-sereni\/\">Contactez Cals et cr\u00e9ez votre plan fun\u00e9raire ensemble<\/a><\/p>\n                    <\/div>\n                <\/div>\n                    <\/div>\n    <\/div>\n<\/div>\n\n\n\n<div id=\"block-main-banner-block_ff1dadaaadba75e2f17c2561449aff37\" class=\"block-main-banner\">\n    <div class=\"container\">\n        <div class=\"banner-wrap layout2 content_left content_top\">\n            <div class=\"banner-image\">\n                                                            <img loading=\"lazy\" decoding=\"async\" width=\"1440\" height=\"960\" src=\"https:\/\/www.touche.be\/app\/uploads\/sites\/80\/2025\/11\/assurance-obseques-1440x960.png\" class=\"attachment-full-stretched size-full-stretched\" alt=\"Plan fun\u00e9raire\" srcset=\"https:\/\/www.touche.be\/app\/uploads\/sites\/80\/2025\/11\/assurance-obseques-1440x960.png 1440w, https:\/\/www.touche.be\/app\/uploads\/sites\/80\/2025\/11\/assurance-obseques-300x200.png 300w, https:\/\/www.touche.be\/app\/uploads\/sites\/80\/2025\/11\/assurance-obseques-1024x683.png 1024w, https:\/\/www.touche.be\/app\/uploads\/sites\/80\/2025\/11\/assurance-obseques-768x512.png 768w, https:\/\/www.touche.be\/app\/uploads\/sites\/80\/2025\/11\/assurance-obseques-1536x1024.png 1536w, https:\/\/www.touche.be\/app\/uploads\/sites\/80\/2025\/11\/assurance-obseques-2048x1365.png 2048w, https:\/\/www.touche.be\/app\/uploads\/sites\/80\/2025\/11\/assurance-obseques-450x300.png 450w, https:\/\/www.touche.be\/app\/uploads\/sites\/80\/2025\/11\/assurance-obseques-1300x867.png 1300w\" sizes=\"auto, (max-width: 1440px) 100vw, 1440px\" title=\"Plan fun\u00e9raire\" \/>                                                <\/div>\n\n                            <div class=\"banner-content\">\n                    <div class=\"inner\">\n                        <h2>Du plan fun\u00e9raire \u00e0 l\u2019assurance obs\u00e8ques<\/h2>\n<p>Si vous souhaitez aller plus loin que la simple pr\u00e9paration de vos fun\u00e9railles et garantir le financement de vos choix, vous pouvez souscrire une assurance obs\u00e8ques.<\/p>\n<p>Les Fun\u00e9railles Cals travaillent en partenariat <strong>avec des compagnies d\u2019assurances reconnues<\/strong>\u00a0pour vous proposer des solutions fiables et adapt\u00e9es \u00e0 vos besoins.<\/p>\n<p><a class=\"btn btn-primary\" href=\"https:\/\/www.funeraillescals.be\/fr\/anticiper-et-prevoir-cals-sereni\/assurance-obseques-cals-sereni\/\">D\u00e9couvrez l&#8217;assurance obs\u00e8que<\/a><\/p>\n                    <\/div>\n                <\/div>\n                    <\/div>\n    <\/div>\n<\/div>\n\n\n\n<div id=\"block-main-banner-block_e997f1fb9ab2cdbeb27abf1cdac0f526\" class=\"block-main-banner\">\n    <div class=\"container\">\n        <div class=\"banner-wrap layout2 content_right content_top\">\n            <div class=\"banner-image\">\n                                                            <img loading=\"lazy\" decoding=\"async\" width=\"944\" height=\"629\" src=\"https:\/\/www.touche.be\/app\/uploads\/sites\/80\/2025\/12\/carnet-mes-dernieres-volontes-Sereni-1.jpg\" class=\"attachment-full-stretched size-full-stretched\" alt=\"Plan fun\u00e9raire\" srcset=\"https:\/\/www.touche.be\/app\/uploads\/sites\/80\/2025\/12\/carnet-mes-dernieres-volontes-Sereni-1.jpg 944w, https:\/\/www.touche.be\/app\/uploads\/sites\/80\/2025\/12\/carnet-mes-dernieres-volontes-Sereni-1-300x200.jpg 300w, https:\/\/www.touche.be\/app\/uploads\/sites\/80\/2025\/12\/carnet-mes-dernieres-volontes-Sereni-1-768x512.jpg 768w, https:\/\/www.touche.be\/app\/uploads\/sites\/80\/2025\/12\/carnet-mes-dernieres-volontes-Sereni-1-450x300.jpg 450w\" sizes=\"auto, (max-width: 944px) 100vw, 944px\" title=\"Plan fun\u00e9raire\" \/>                                                <\/div>\n\n                            <div class=\"banner-content\">\n                    <div class=\"inner\">\n                        <h2>Mes derni\u00e8res volont\u00e9s<\/h2>\n<p>Pr\u00e9parer un d\u00e9part, c\u2019est r\u00e9fl\u00e9chir \u00e0 la vie \u2014 \u00e0 ce qui compte pour vous et \u00e0 ce que vous souhaitez laisser derri\u00e8re vous.<br \/>\nLe carnet <em>Mes Derni\u00e8res Volont\u00e9s<\/em> vous accompagne pour r\u00e9fl\u00e9chir \u00e0 :<\/p>\n<ul>\n<li><strong>Ce qui vous d\u00e9finit<\/strong><\/li>\n<li><strong>La musique ou les mots qui vous r\u00e9confortent<\/strong><\/li>\n<li><strong>Les rituels et souhaits<\/strong> qui ont une signification pour vous<\/li>\n<\/ul>\n<p>Le remplir vous apporte s\u00e9r\u00e9nit\u00e9 et facilite les \u00e9changes avec vos proches.<br \/>\nVous pouvez le compl\u00e9ter en ligne via <a class=\"text-yellow\" href=\"https:\/\/mijn.sereni.be\/fr-BE\/connexion\" target=\"_blank\" rel=\"noopener\"><strong>Mon Sereni.be<\/strong><\/a> ou demander une version papier aupr\u00e8s de <a class=\"text-yellow\" href=\"https:\/\/www.sereni.be\/fr\/branch\" target=\"_blank\" rel=\"noopener\"><strong>nos conseillers fun\u00e9raires<\/strong><\/a>.<\/p>\n<p><a class=\"btn btn-primary\" href=\"https:\/\/mijn.sereni.be\/fr-BE\/connexion\" target=\"_blank\" rel=\"noopener\">Je remplis la version digitale<\/a><\/p>\n                    <\/div>\n                <\/div>\n                    <\/div>\n    <\/div>\n<\/div>\n","protected":false},"excerpt":{"rendered":"","protected":false},"author":1,"featured_media":82806,"parent":24668,"menu_order":4,"comment_status":"closed","ping_status":"closed","template":"","meta":{"_acf_changed":false,"footnotes":""},"class_list":["post-24673","page","type-page","status-publish","has-post-thumbnail","hentry"],"acf":[],"yoast_head":"<!-- This site is optimized with the Yoast SEO plugin v25.8 - https:\/\/yoast.com\/wordpress\/plugins\/seo\/ -->\n<title>Plan fun\u00e9raire Cals I Sereni<\/title>\n<meta name=\"description\" content=\"Chez Cals Sereni , vous pouvez \u00e9tablir votre plan fun\u00e9raire. Vos obs\u00e8ques sont planifi\u00e9es selon vos souhaits.\" \/>\n<meta name=\"robots\" content=\"index, follow, max-snippet:-1, max-image-preview:large, max-video-preview:-1\" \/>\n<link rel=\"canonical\" href=\"https:\/\/www.funeraillescals.be\/fr\/anticiper-et-prevoir-cals-sereni\/plan-funeraire-cals-sereni\/\" \/>\n<meta property=\"og:locale\" content=\"fr_FR\" \/>\n<meta property=\"og:type\" content=\"article\" \/>\n<meta property=\"og:title\" content=\"Plan fun\u00e9raire Cals I Sereni\" \/>\n<meta property=\"og:description\" content=\"Chez Cals Sereni , vous pouvez \u00e9tablir votre plan fun\u00e9raire. Vos obs\u00e8ques sont planifi\u00e9es selon vos d\u00e9sirs.\" \/>\n<meta property=\"og:url\" content=\"https:\/\/www.funeraillescals.be\/fr\/anticiper-et-prevoir-cals-sereni\/plan-funeraire-cals-sereni\/\" \/>\n<meta property=\"og:site_name\" content=\"Cals\" \/>\n<meta property=\"article:modified_time\" content=\"2025-12-11T15:17:21+00:00\" \/>\n<meta property=\"og:image\" content=\"https:\/\/www.touche.be\/app\/uploads\/sites\/80\/2025\/11\/meta-plan-funeraire.png\" \/>\n\t<meta property=\"og:image:width\" content=\"1200\" \/>\n\t<meta property=\"og:image:height\" content=\"628\" \/>\n\t<meta property=\"og:image:type\" content=\"image\/png\" \/>\n<meta name=\"twitter:card\" content=\"summary_large_image\" \/>\n<meta name=\"twitter:label1\" content=\"Est. reading time\" \/>\n\t<meta name=\"twitter:data1\" content=\"2 minutes\" \/>\n<script type=\"application\/ld+json\" class=\"yoast-schema-graph\">{\"@context\":\"https:\/\/schema.org\",\"@graph\":[{\"@type\":\"WebPage\",\"@id\":\"https:\/\/www.funeraillescals.be\/fr\/anticiper-et-prevoir-cals-sereni\/plan-funeraire-cals-sereni\/\",\"url\":\"https:\/\/www.funeraillescals.be\/fr\/anticiper-et-prevoir-cals-sereni\/plan-funeraire-cals-sereni\/\",\"name\":\"Plan fun\u00e9raire Cals I Sereni\",\"isPartOf\":{\"@id\":\"https:\/\/www.funeraillescals.be\/fr\/#website\"},\"primaryImageOfPage\":{\"@id\":\"https:\/\/www.funeraillescals.be\/fr\/anticiper-et-prevoir-cals-sereni\/plan-funeraire-cals-sereni\/#primaryimage\"},\"image\":{\"@id\":\"https:\/\/www.funeraillescals.be\/fr\/anticiper-et-prevoir-cals-sereni\/plan-funeraire-cals-sereni\/#primaryimage\"},\"thumbnailUrl\":\"https:\/\/www.touche.be\/app\/uploads\/sites\/80\/2025\/11\/notaire-scaled.jpg\",\"datePublished\":\"2022-04-04T11:33:40+00:00\",\"dateModified\":\"2025-12-11T15:17:21+00:00\",\"description\":\"Chez Cals Sereni , vous pouvez \u00e9tablir votre plan fun\u00e9raire. Vos obs\u00e8ques sont planifi\u00e9es selon vos souhaits.\",\"breadcrumb\":{\"@id\":\"https:\/\/www.funeraillescals.be\/fr\/anticiper-et-prevoir-cals-sereni\/plan-funeraire-cals-sereni\/#breadcrumb\"},\"inLanguage\":\"fr-BE\",\"potentialAction\":[{\"@type\":\"ReadAction\",\"target\":[\"https:\/\/www.funeraillescals.be\/fr\/anticiper-et-prevoir-cals-sereni\/plan-funeraire-cals-sereni\/\"]}]},{\"@type\":\"ImageObject\",\"inLanguage\":\"fr-BE\",\"@id\":\"https:\/\/www.funeraillescals.be\/fr\/anticiper-et-prevoir-cals-sereni\/plan-funeraire-cals-sereni\/#primaryimage\",\"url\":\"https:\/\/www.touche.be\/app\/uploads\/sites\/80\/2025\/11\/notaire-scaled.jpg\",\"contentUrl\":\"https:\/\/www.touche.be\/app\/uploads\/sites\/80\/2025\/11\/notaire-scaled.jpg\",\"width\":2560,\"height\":1707},{\"@type\":\"BreadcrumbList\",\"@id\":\"https:\/\/www.funeraillescals.be\/fr\/anticiper-et-prevoir-cals-sereni\/plan-funeraire-cals-sereni\/#breadcrumb\",\"itemListElement\":[{\"@type\":\"ListItem\",\"position\":1,\"name\":\"Anticiper et pr\u00e9voir\",\"item\":\"https:\/\/www.funeraillescals.be\/fr\/anticiper-et-prevoir-cals-sereni\/\"},{\"@type\":\"ListItem\",\"position\":2,\"name\":\"Plan fun\u00e9raire\"}]},{\"@type\":\"WebSite\",\"@id\":\"https:\/\/www.funeraillescals.be\/fr\/#website\",\"url\":\"https:\/\/www.funeraillescals.be\/fr\/\",\"name\":\"Cals\",\"description\":\"Just another Sereni site\",\"potentialAction\":[{\"@type\":\"SearchAction\",\"target\":{\"@type\":\"EntryPoint\",\"urlTemplate\":\"https:\/\/www.funeraillescals.be\/fr\/?s={search_term_string}\"},\"query-input\":{\"@type\":\"PropertyValueSpecification\",\"valueRequired\":true,\"valueName\":\"search_term_string\"}}],\"inLanguage\":\"fr-BE\"}]}<\/script>\n<!-- \/ Yoast SEO plugin. -->","yoast_head_json":{"title":"Plan fun\u00e9raire Cals I Sereni","description":"Chez Cals Sereni , vous pouvez \u00e9tablir votre plan fun\u00e9raire. Vos obs\u00e8ques sont planifi\u00e9es selon vos souhaits.","robots":{"index":"index","follow":"follow","max-snippet":"max-snippet:-1","max-image-preview":"max-image-preview:large","max-video-preview":"max-video-preview:-1"},"canonical":"https:\/\/www.funeraillescals.be\/fr\/anticiper-et-prevoir-cals-sereni\/plan-funeraire-cals-sereni\/","og_locale":"fr_FR","og_type":"article","og_title":"Plan fun\u00e9raire Cals I Sereni","og_description":"Chez Cals Sereni , vous pouvez \u00e9tablir votre plan fun\u00e9raire. Vos obs\u00e8ques sont planifi\u00e9es selon vos d\u00e9sirs.","og_url":"https:\/\/www.funeraillescals.be\/fr\/anticiper-et-prevoir-cals-sereni\/plan-funeraire-cals-sereni\/","og_site_name":"Cals","article_modified_time":"2025-12-11T15:17:21+00:00","og_image":[{"width":1200,"height":628,"url":"https:\/\/www.touche.be\/app\/uploads\/sites\/80\/2025\/11\/meta-plan-funeraire.png","type":"image\/png"}],"twitter_card":"summary_large_image","twitter_misc":{"Est. reading time":"2 minutes"},"schema":{"@context":"https:\/\/schema.org","@graph":[{"@type":"WebPage","@id":"https:\/\/www.funeraillescals.be\/fr\/anticiper-et-prevoir-cals-sereni\/plan-funeraire-cals-sereni\/","url":"https:\/\/www.funeraillescals.be\/fr\/anticiper-et-prevoir-cals-sereni\/plan-funeraire-cals-sereni\/","name":"Plan fun\u00e9raire Cals I Sereni","isPartOf":{"@id":"https:\/\/www.funeraillescals.be\/fr\/#website"},"primaryImageOfPage":{"@id":"https:\/\/www.funeraillescals.be\/fr\/anticiper-et-prevoir-cals-sereni\/plan-funeraire-cals-sereni\/#primaryimage"},"image":{"@id":"https:\/\/www.funeraillescals.be\/fr\/anticiper-et-prevoir-cals-sereni\/plan-funeraire-cals-sereni\/#primaryimage"},"thumbnailUrl":"https:\/\/www.touche.be\/app\/uploads\/sites\/80\/2025\/11\/notaire-scaled.jpg","datePublished":"2022-04-04T11:33:40+00:00","dateModified":"2025-12-11T15:17:21+00:00","description":"Chez Cals Sereni , vous pouvez \u00e9tablir votre plan fun\u00e9raire. Vos obs\u00e8ques sont planifi\u00e9es selon vos souhaits.","breadcrumb":{"@id":"https:\/\/www.funeraillescals.be\/fr\/anticiper-et-prevoir-cals-sereni\/plan-funeraire-cals-sereni\/#breadcrumb"},"inLanguage":"fr-BE","potentialAction":[{"@type":"ReadAction","target":["https:\/\/www.funeraillescals.be\/fr\/anticiper-et-prevoir-cals-sereni\/plan-funeraire-cals-sereni\/"]}]},{"@type":"ImageObject","inLanguage":"fr-BE","@id":"https:\/\/www.funeraillescals.be\/fr\/anticiper-et-prevoir-cals-sereni\/plan-funeraire-cals-sereni\/#primaryimage","url":"https:\/\/www.touche.be\/app\/uploads\/sites\/80\/2025\/11\/notaire-scaled.jpg","contentUrl":"https:\/\/www.touche.be\/app\/uploads\/sites\/80\/2025\/11\/notaire-scaled.jpg","width":2560,"height":1707},{"@type":"BreadcrumbList","@id":"https:\/\/www.funeraillescals.be\/fr\/anticiper-et-prevoir-cals-sereni\/plan-funeraire-cals-sereni\/#breadcrumb","itemListElement":[{"@type":"ListItem","position":1,"name":"Anticiper et pr\u00e9voir","item":"https:\/\/www.funeraillescals.be\/fr\/anticiper-et-prevoir-cals-sereni\/"},{"@type":"ListItem","position":2,"name":"Plan fun\u00e9raire"}]},{"@type":"WebSite","@id":"https:\/\/www.funeraillescals.be\/fr\/#website","url":"https:\/\/www.funeraillescals.be\/fr\/","name":"Cals","description":"Just another Sereni site","potentialAction":[{"@type":"SearchAction","target":{"@type":"EntryPoint","urlTemplate":"https:\/\/www.funeraillescals.be\/fr\/?s={search_term_string}"},"query-input":{"@type":"PropertyValueSpecification","valueRequired":true,"valueName":"search_term_string"}}],"inLanguage":"fr-BE"}]}},"_links":{"self":[{"href":"https:\/\/www.funeraillescals.be\/fr\/wp-json\/wp\/v2\/pages\/24673","targetHints":{"allow":["GET"]}}],"collection":[{"href":"https:\/\/www.funeraillescals.be\/fr\/wp-json\/wp\/v2\/pages"}],"about":[{"href":"https:\/\/www.funeraillescals.be\/fr\/wp-json\/wp\/v2\/types\/page"}],"author":[{"embeddable":true,"href":"https:\/\/www.funeraillescals.be\/fr\/wp-json\/wp\/v2\/users\/1"}],"replies":[{"embeddable":true,"href":"https:\/\/www.funeraillescals.be\/fr\/wp-json\/wp\/v2\/comments?post=24673"}],"version-history":[{"count":18,"href":"https:\/\/www.funeraillescals.be\/fr\/wp-json\/wp\/v2\/pages\/24673\/revisions"}],"predecessor-version":[{"id":83052,"href":"https:\/\/www.funeraillescals.be\/fr\/wp-json\/wp\/v2\/pages\/24673\/revisions\/83052"}],"up":[{"embeddable":true,"href":"https:\/\/www.funeraillescals.be\/fr\/wp-json\/wp\/v2\/pages\/24668"}],"wp:featuredmedia":[{"embeddable":true,"href":"https:\/\/www.funeraillescals.be\/fr\/wp-json\/wp\/v2\/media\/82806"}],"wp:attachment":[{"href":"https:\/\/www.funeraillescals.be\/fr\/wp-json\/wp\/v2\/media?parent=24673"}],"curies":[{"name":"wp","href":"https:\/\/api.w.org\/{rel}","templated":true}]}}