{"id":24670,"date":"2022-04-04T12:15:39","date_gmt":"2022-04-04T11:15:39","guid":{"rendered":"https:\/\/www.funeraillescals.be\/onze-diensten\/crematie\/"},"modified":"2025-12-11T16:14:29","modified_gmt":"2025-12-11T15:14:29","slug":"cremation-cals-sereni","status":"publish","type":"page","link":"https:\/\/www.funeraillescals.be\/fr\/organiser-des-funerailles-cals-sereni\/cremation-cals-sereni\/","title":{"rendered":"Cr\u00e9mation"},"content":{"rendered":"\n<div id=\"block-main-banner-block_b7b4f720c2760fe41188ff691f24fbd9\" class=\"block-main-banner\">\n    <div class=\"container\">\n        <div class=\"banner-wrap layout2 content_right content_top\">\n            <div class=\"banner-image\">\n                                                            <img loading=\"lazy\" decoding=\"async\" width=\"1440\" height=\"1440\" src=\"https:\/\/www.touche.be\/app\/uploads\/sites\/80\/2024\/02\/CMS_Urnen_Cremation_V-1440x1440.jpg\" class=\"attachment-full-stretched size-full-stretched\" alt=\"Cr\u00e9mation\" srcset=\"https:\/\/www.touche.be\/app\/uploads\/sites\/80\/2024\/02\/CMS_Urnen_Cremation_V-1440x1440.jpg 1440w, https:\/\/www.touche.be\/app\/uploads\/sites\/80\/2024\/02\/CMS_Urnen_Cremation_V-300x300.jpg 300w, https:\/\/www.touche.be\/app\/uploads\/sites\/80\/2024\/02\/CMS_Urnen_Cremation_V-1024x1024.jpg 1024w, https:\/\/www.touche.be\/app\/uploads\/sites\/80\/2024\/02\/CMS_Urnen_Cremation_V-150x150.jpg 150w, https:\/\/www.touche.be\/app\/uploads\/sites\/80\/2024\/02\/CMS_Urnen_Cremation_V-768x768.jpg 768w, https:\/\/www.touche.be\/app\/uploads\/sites\/80\/2024\/02\/CMS_Urnen_Cremation_V-1536x1536.jpg 1536w, https:\/\/www.touche.be\/app\/uploads\/sites\/80\/2024\/02\/CMS_Urnen_Cremation_V-1300x1300.jpg 1300w, https:\/\/www.touche.be\/app\/uploads\/sites\/80\/2024\/02\/CMS_Urnen_Cremation_V-600x600.jpg 600w, https:\/\/www.touche.be\/app\/uploads\/sites\/80\/2024\/02\/CMS_Urnen_Cremation_V-50x50.jpg 50w, https:\/\/www.touche.be\/app\/uploads\/sites\/80\/2024\/02\/CMS_Urnen_Cremation_V-100x100.jpg 100w, https:\/\/www.touche.be\/app\/uploads\/sites\/80\/2024\/02\/CMS_Urnen_Cremation_V.jpg 1800w\" sizes=\"auto, (max-width: 1440px) 100vw, 1440px\" title=\"Cr\u00e9mation\" \/>                                                <\/div>\n\n                            <div class=\"banner-content\">\n                    <div class=\"inner\">\n                        <p data-start=\"148\" data-end=\"264\">La cr\u00e9mation consiste \u00e0 incin\u00e9rer le corps du d\u00e9funt. Elle peut se d\u00e9rouler\u00a0<strong>avant ou apr\u00e8s la c\u00e9r\u00e9monie<\/strong>\u00a0fun\u00e9raire.<\/p>\n<p data-start=\"266\" data-end=\"442\">Le choix entre cr\u00e9mation et inhumation peut d\u00e9j\u00e0 \u00eatre pr\u00e9cis\u00e9 dans le testament du d\u00e9funt. Sinon,\u00a0<strong>la personne en charge<\/strong>\u00a0de l\u2019organisation des fun\u00e9railles prendra la d\u00e9cision.<\/p>\n<p data-start=\"828\" data-end=\"871\">Apr\u00e8s la cr\u00e9mation, les cendres peuvent :<\/p>\n<ul data-start=\"872\" data-end=\"1204\">\n<li data-start=\"872\" data-end=\"969\">\n<p data-start=\"874\" data-end=\"969\">\u00eatre <strong data-start=\"879\" data-end=\"893\">dispers\u00e9es<\/strong> dans un cimeti\u00e8re, au cr\u00e9matorium, en mer ou dans un lieu priv\u00e9 autoris\u00e9,<\/p>\n<\/li>\n<li data-start=\"970\" data-end=\"1070\">\n<p data-start=\"972\" data-end=\"1070\">\u00eatre <strong data-start=\"977\" data-end=\"989\">inhum\u00e9es<\/strong> dans une urne, au <strong data-start=\"1008\" data-end=\"1023\">columbarium<\/strong>, dans une <strong data-start=\"1034\" data-end=\"1045\">cavurne<\/strong> ou une <strong data-start=\"1053\" data-end=\"1067\">concession<\/strong>,<\/p>\n<\/li>\n<li data-start=\"1071\" data-end=\"1204\">\n<p data-start=\"1073\" data-end=\"1204\">faire l\u2019objet d\u2019une <strong data-start=\"1093\" data-end=\"1115\">reprise symbolique<\/strong>, par exemple sous forme de <strong data-start=\"1143\" data-end=\"1169\">bijou ou de reliquaire<\/strong>, selon le souhait de la famille.<\/p>\n<\/li>\n<\/ul>\n<p data-start=\"1206\" data-end=\"1284\">Nous vous accompagnons avec discr\u00e9tion et bienveillance dans tous ces choix.<\/p>\n<h3 data-start=\"881\" data-end=\"907\"><strong data-start=\"881\" data-end=\"905\">Co\u00fbt d\u2019une cr\u00e9mation<\/strong><\/h3>\n<p data-start=\"909\" data-end=\"1168\">Le co\u00fbt d\u2019une cr\u00e9mation d\u00e9pend de plusieurs \u00e9l\u00e9ments, comme le type de c\u00e9r\u00e9monie, le choix du lieu et la destination des cendres. Chez Cals, nous croyons qu\u2019il est essentiel de rendre chaque adieu personnel et apais\u00e9. Nous vous accompagnons pour organiser une <strong data-start=\"400\" data-end=\"424\">cr\u00e9mation sur mesure<\/strong>, en respectant vos souhaits, vos valeurs et votre budget.<\/p>\n<p><a class=\"btn btn-primary\" href=\"https:\/\/www.funeraillescals.be\/fr\/contact-cals-sereni\/\">Contactez-nous<\/a>\u00a0 \u00a0\u00a0 <a class=\"btn btn-primary\" href=\"https:\/\/www.funeraillescals.be\/fr\/nos-funerariums-cals-sereni\/\">A propos de Cals<\/a><\/p>\n<p>&nbsp;<\/p>\n                    <\/div>\n                <\/div>\n                    <\/div>\n    <\/div>\n<\/div>\n\n\n\n<div id=\"block-main-banner-block_81cbaece4a378bcd4e9ea42c6cc164bb\" class=\"block-main-banner\">\n    <div class=\"container\">\n        <div class=\"banner-wrap layout2 content_left content_top\">\n            <div class=\"banner-image\">\n                                                            <a href=\"https:\/\/mijn.sereni.be\/fr-BE\/connexion?lang=fr\">\n                                            <img loading=\"lazy\" decoding=\"async\" width=\"944\" height=\"629\" src=\"https:\/\/www.touche.be\/app\/uploads\/sites\/80\/2025\/11\/Mains-formant-un-coeur-symbolisant-lenvoi-de-condoleances-en-ligne.jpg\" class=\"attachment-full-stretched size-full-stretched\" alt=\"Cr\u00e9mation\" srcset=\"https:\/\/www.touche.be\/app\/uploads\/sites\/80\/2025\/11\/Mains-formant-un-coeur-symbolisant-lenvoi-de-condoleances-en-ligne.jpg 944w, https:\/\/www.touche.be\/app\/uploads\/sites\/80\/2025\/11\/Mains-formant-un-coeur-symbolisant-lenvoi-de-condoleances-en-ligne-300x200.jpg 300w, https:\/\/www.touche.be\/app\/uploads\/sites\/80\/2025\/11\/Mains-formant-un-coeur-symbolisant-lenvoi-de-condoleances-en-ligne-768x512.jpg 768w, https:\/\/www.touche.be\/app\/uploads\/sites\/80\/2025\/11\/Mains-formant-un-coeur-symbolisant-lenvoi-de-condoleances-en-ligne-450x300.jpg 450w\" sizes=\"auto, (max-width: 944px) 100vw, 944px\" title=\"Cr\u00e9mation\" \/>                                            <\/a>\n                                                <\/div>\n\n                            <div class=\"banner-content\">\n                    <div class=\"inner\">\n                        <h2>Exprimez vos condol\u00e9ances, simplement et en ligne<\/h2>\n<p data-start=\"2254\" data-end=\"2605\">M\u00eame si vous ne pouvez pas assister \u00e0 la c\u00e9r\u00e9monie, vous pouvez accompagner la famille et rendre hommage au d\u00e9funt :<\/p>\n<ul data-start=\"674\" data-end=\"863\">\n<li data-start=\"674\" data-end=\"719\">\n<p data-start=\"676\" data-end=\"719\"><strong data-start=\"679\" data-end=\"717\">\u2709\ufe0f Envoyez un message de condol\u00e9ances<\/strong><\/p>\n<\/li>\n<li data-start=\"720\" data-end=\"754\">\n<p data-start=\"722\" data-end=\"754\"><strong data-start=\"725\" data-end=\"752\">\ud83c\udf3f Faites livrer des fleurs<\/strong><\/p>\n<\/li>\n<li data-start=\"755\" data-end=\"813\">\n<p data-start=\"757\" data-end=\"813\">\ud83d\udcdd\u00a0<strong data-start=\"760\" data-end=\"811\">Envoyez une carte de condol\u00e9ances personnalis\u00e9e<\/strong><\/p>\n<\/li>\n<li data-start=\"814\" data-end=\"863\">\n<p data-start=\"816\" data-end=\"863\">\ud83e\udd0d\u00a0<strong data-start=\"819\" data-end=\"861\">Offrez un cadeau durable ou symbolique<\/strong><\/p>\n<\/li>\n<\/ul>\n<p data-start=\"2254\" data-end=\"2605\">Chaque geste permet de t\u00e9moigner votre soutien et votre affection.\u00a0<strong>Tout peut se faire en quelques clics gr\u00e2ce \u00e0 notre service de condol\u00e9ances en ligne.<\/strong><\/p>\n<p data-start=\"2254\" data-end=\"2605\"><a class=\"btn btn-primary\" href=\"https:\/\/www.funeraillescals.be\/fr\/condoleances-cals-sereni\/\">Plus d&#8217;info<\/a><\/p>\n                    <\/div>\n                <\/div>\n                    <\/div>\n    <\/div>\n<\/div>\n\n\n<div id=\"block-variable-content-list-block_aa211e82fd56513b87c49117234baa9e\" class=\"block-variable-content-list default\">\n    <div class=\"container\">\n        <div class=\"widget-wrap per_row_4\">\n                        <div class=\"block-content\">\n                                                                                    <div class=\"element\">\n                                                            \n                                                                    <div class=\"image-wrap\">\n                                                                                    <a href=\"https:\/\/mijn.sereni.be\/fr-BE\/connexion?lang=fr\">\n                                                                                    <img loading=\"lazy\" decoding=\"async\" width=\"1024\" height=\"683\" src=\"https:\/\/www.touche.be\/app\/uploads\/sites\/80\/2025\/12\/7-1024x683.jpg\" class=\"attachment-large size-large\" alt=\"Cr\u00e9mation\" srcset=\"https:\/\/www.touche.be\/app\/uploads\/sites\/80\/2025\/12\/7-1024x683.jpg 1024w, https:\/\/www.touche.be\/app\/uploads\/sites\/80\/2025\/12\/7-300x200.jpg 300w, https:\/\/www.touche.be\/app\/uploads\/sites\/80\/2025\/12\/7-768x512.jpg 768w, https:\/\/www.touche.be\/app\/uploads\/sites\/80\/2025\/12\/7-1536x1024.jpg 1536w, https:\/\/www.touche.be\/app\/uploads\/sites\/80\/2025\/12\/7-450x300.jpg 450w, https:\/\/www.touche.be\/app\/uploads\/sites\/80\/2025\/12\/7-1300x867.jpg 1300w, https:\/\/www.touche.be\/app\/uploads\/sites\/80\/2025\/12\/7-1440x960.jpg 1440w, https:\/\/www.touche.be\/app\/uploads\/sites\/80\/2025\/12\/7.jpg 1800w\" sizes=\"auto, (max-width: 1024px) 100vw, 1024px\" title=\"Cr\u00e9mation\" \/>                                                                                    <\/a>\n                                                                            <\/div>\n                                \n                                                                    <div class=\"content-wrap\">\n                                        <h4>Mon Sereni<\/h4>\n<p>Retrouvez tous vos documents et souhaits au m\u00eame endroit.<\/p>\n<p><a class=\"btn btn-primary\" href=\"https:\/\/mijn.sereni.be\/fr-BE\/connexion?lang=fr\" target=\"_blank\" rel=\"noopener\">Plus d\u2019info<\/a><\/p>\n                                    <\/div>\n                                                                                    <\/div>\n                                                                    <div class=\"element\">\n                                                            \n                                                                    <div class=\"image-wrap\">\n                                                                                    <img loading=\"lazy\" decoding=\"async\" width=\"944\" height=\"629\" src=\"https:\/\/www.touche.be\/app\/uploads\/sites\/80\/2025\/12\/carnet-mes-dernieres-volontes-Sereni-1.jpg\" class=\"attachment-large size-large\" alt=\"Cr\u00e9mation\" srcset=\"https:\/\/www.touche.be\/app\/uploads\/sites\/80\/2025\/12\/carnet-mes-dernieres-volontes-Sereni-1.jpg 944w, https:\/\/www.touche.be\/app\/uploads\/sites\/80\/2025\/12\/carnet-mes-dernieres-volontes-Sereni-1-300x200.jpg 300w, https:\/\/www.touche.be\/app\/uploads\/sites\/80\/2025\/12\/carnet-mes-dernieres-volontes-Sereni-1-768x512.jpg 768w, https:\/\/www.touche.be\/app\/uploads\/sites\/80\/2025\/12\/carnet-mes-dernieres-volontes-Sereni-1-450x300.jpg 450w\" sizes=\"auto, (max-width: 944px) 100vw, 944px\" title=\"Cr\u00e9mation\" \/>                                                                            <\/div>\n                                \n                                                                    <div class=\"content-wrap\">\n                                        <h4>Mes derni\u00e8res volont\u00e9s<\/h4>\n<p>R\u00e9fl\u00e9chissez \u00e0 la fa\u00e7on dont vous voulez qu&#8217;on se souvienne de vous.<\/p>\n<p><a class=\"btn btn-primary\" href=\"https:\/\/sereni.be\/fr\/article\/nouveau-le-carnet-mes-derniers-souhaits-vous-aide-a-reflechir-sur-ce-qui-est-important-dans-la-vie\" target=\"_blank\" rel=\"noopener\">Plus d&#8217;info<\/a><\/p>\n                                    <\/div>\n                                                                                    <\/div>\n                                                                    <div class=\"element\">\n                                                            \n                                                                    <div class=\"image-wrap\">\n                                                                                    <a href=\"https:\/\/www.funeraillescals.be\/fr\/organiser-des-funerailles-cals-sereni\/imprimes-funeraires-cals-sereni\/\">\n                                                                                    <img loading=\"lazy\" decoding=\"async\" width=\"944\" height=\"629\" src=\"https:\/\/www.touche.be\/app\/uploads\/sites\/80\/2025\/11\/Faire-part-et-cartes-de-deuil-\u2013-Funerailles-Cals-3.jpg\" class=\"attachment-large size-large\" alt=\"Cr\u00e9mation\" srcset=\"https:\/\/www.touche.be\/app\/uploads\/sites\/80\/2025\/11\/Faire-part-et-cartes-de-deuil-\u2013-Funerailles-Cals-3.jpg 944w, https:\/\/www.touche.be\/app\/uploads\/sites\/80\/2025\/11\/Faire-part-et-cartes-de-deuil-\u2013-Funerailles-Cals-3-300x200.jpg 300w, https:\/\/www.touche.be\/app\/uploads\/sites\/80\/2025\/11\/Faire-part-et-cartes-de-deuil-\u2013-Funerailles-Cals-3-768x512.jpg 768w, https:\/\/www.touche.be\/app\/uploads\/sites\/80\/2025\/11\/Faire-part-et-cartes-de-deuil-\u2013-Funerailles-Cals-3-450x300.jpg 450w\" sizes=\"auto, (max-width: 944px) 100vw, 944px\" title=\"Cr\u00e9mation\" \/>                                                                                    <\/a>\n                                                                            <\/div>\n                                \n                                                                    <div class=\"content-wrap\">\n                                        <h4>Imprim\u00e9s fun\u00e9raires<\/h4>\n<p>Imprim\u00e9s fun\u00e9raires personnalis\u00e9s pour honorer la m\u00e9moire du d\u00e9funt.<\/p>\n<p><a class=\"btn btn-primary\" href=\"https:\/\/www.funeraillescals.be\/fr\/organiser-des-funerailles-cals-sereni\/imprimes-funeraires-cals-sereni\/\">Plus d\u2019info<\/a><\/p>\n                                    <\/div>\n                                                                                    <\/div>\n                                                                    <div class=\"element\">\n                                                            \n                                                                    <div class=\"image-wrap\">\n                                                                                    <a href=\"https:\/\/www.funeraillescals.be\/fr\/organiser-des-funerailles-cals-sereni\/aide-administrative-cals-sereni\/\">\n                                                                                    <img loading=\"lazy\" decoding=\"async\" width=\"944\" height=\"629\" src=\"https:\/\/www.touche.be\/app\/uploads\/sites\/80\/2025\/11\/Aide-psychologique-\u2013-Funerailles-Cals-Sereni.png\" class=\"attachment-large size-large\" alt=\"Cr\u00e9mation\" srcset=\"https:\/\/www.touche.be\/app\/uploads\/sites\/80\/2025\/11\/Aide-psychologique-\u2013-Funerailles-Cals-Sereni.png 944w, https:\/\/www.touche.be\/app\/uploads\/sites\/80\/2025\/11\/Aide-psychologique-\u2013-Funerailles-Cals-Sereni-300x200.png 300w, https:\/\/www.touche.be\/app\/uploads\/sites\/80\/2025\/11\/Aide-psychologique-\u2013-Funerailles-Cals-Sereni-768x512.png 768w, https:\/\/www.touche.be\/app\/uploads\/sites\/80\/2025\/11\/Aide-psychologique-\u2013-Funerailles-Cals-Sereni-450x300.png 450w\" sizes=\"auto, (max-width: 944px) 100vw, 944px\" title=\"Cr\u00e9mation\" \/>                                                                                    <\/a>\n                                                                            <\/div>\n                                \n                                                                    <div class=\"content-wrap\">\n                                        <h4>Aide administrative et psy<\/h4>\n<p>Soutien administratif, fiscal et psychologique apr\u00e8s les fun\u00e9railles.<\/p>\n<p><a class=\"btn btn-primary\" href=\"https:\/\/www.funeraillescals.be\/fr\/organiser-des-funerailles-cals-sereni\/aide-administrative-cals-sereni\/\">Plus d\u2019info<\/a><\/p>\n                                    <\/div>\n                                                                                    <\/div>\n                                                <\/div>\n        <\/div>\n    <\/div>\n<\/div>\n","protected":false},"excerpt":{"rendered":"","protected":false},"author":1,"featured_media":82261,"parent":24683,"menu_order":2,"comment_status":"closed","ping_status":"closed","template":"","meta":{"_acf_changed":false,"footnotes":""},"class_list":["post-24670","page","type-page","status-publish","has-post-thumbnail","hentry"],"acf":[],"yoast_head":"<!-- This site is optimized with the Yoast SEO plugin v25.8 - https:\/\/yoast.com\/wordpress\/plugins\/seo\/ -->\n<title>Cr\u00e9mation Cals I Sereni<\/title>\n<meta name=\"description\" content=\"Le planificateur fun\u00e9raire Cals vous accompagne dans une cr\u00e9mation sur mesure, en respectant vos souhaits, vos valeurs et votre budget.\" \/>\n<meta name=\"robots\" content=\"index, follow, max-snippet:-1, max-image-preview:large, max-video-preview:-1\" \/>\n<link rel=\"canonical\" href=\"https:\/\/www.funeraillescals.be\/fr\/organiser-des-funerailles-cals-sereni\/cremation-cals-sereni\/\" \/>\n<meta property=\"og:locale\" content=\"fr_FR\" \/>\n<meta property=\"og:type\" content=\"article\" \/>\n<meta property=\"og:title\" content=\"Cr\u00e9mation Cals I Sereni\" \/>\n<meta property=\"og:description\" content=\"Le planificateur fun\u00e9raire Cals vous accompagne dans une cr\u00e9mation sur mesure, en respectant vos souhaits, vos valeurs et votre budget.\" \/>\n<meta property=\"og:url\" content=\"https:\/\/www.funeraillescals.be\/fr\/organiser-des-funerailles-cals-sereni\/cremation-cals-sereni\/\" \/>\n<meta property=\"og:site_name\" content=\"Cals\" \/>\n<meta property=\"article:modified_time\" content=\"2025-12-11T15:14:29+00:00\" \/>\n<meta property=\"og:image\" content=\"https:\/\/www.touche.be\/app\/uploads\/sites\/80\/2025\/06\/Social-image-Cals-8.jpg\" \/>\n\t<meta property=\"og:image:width\" content=\"1800\" \/>\n\t<meta property=\"og:image:height\" content=\"628\" \/>\n\t<meta property=\"og:image:type\" content=\"image\/jpeg\" \/>\n<meta name=\"twitter:card\" content=\"summary_large_image\" \/>\n<meta name=\"twitter:label1\" content=\"Est. reading time\" \/>\n\t<meta name=\"twitter:data1\" content=\"3 minutes\" \/>\n<script type=\"application\/ld+json\" class=\"yoast-schema-graph\">{\"@context\":\"https:\/\/schema.org\",\"@graph\":[{\"@type\":\"WebPage\",\"@id\":\"https:\/\/www.funeraillescals.be\/fr\/organiser-des-funerailles-cals-sereni\/cremation-cals-sereni\/\",\"url\":\"https:\/\/www.funeraillescals.be\/fr\/organiser-des-funerailles-cals-sereni\/cremation-cals-sereni\/\",\"name\":\"Cr\u00e9mation Cals I Sereni\",\"isPartOf\":{\"@id\":\"https:\/\/www.funeraillescals.be\/fr\/#website\"},\"primaryImageOfPage\":{\"@id\":\"https:\/\/www.funeraillescals.be\/fr\/organiser-des-funerailles-cals-sereni\/cremation-cals-sereni\/#primaryimage\"},\"image\":{\"@id\":\"https:\/\/www.funeraillescals.be\/fr\/organiser-des-funerailles-cals-sereni\/cremation-cals-sereni\/#primaryimage\"},\"thumbnailUrl\":\"https:\/\/www.touche.be\/app\/uploads\/sites\/80\/2025\/10\/Cals-photo-cendres-paysages.png\",\"datePublished\":\"2022-04-04T11:15:39+00:00\",\"dateModified\":\"2025-12-11T15:14:29+00:00\",\"description\":\"Le planificateur fun\u00e9raire Cals vous accompagne dans une cr\u00e9mation sur mesure, en respectant vos souhaits, vos valeurs et votre budget.\",\"breadcrumb\":{\"@id\":\"https:\/\/www.funeraillescals.be\/fr\/organiser-des-funerailles-cals-sereni\/cremation-cals-sereni\/#breadcrumb\"},\"inLanguage\":\"fr-BE\",\"potentialAction\":[{\"@type\":\"ReadAction\",\"target\":[\"https:\/\/www.funeraillescals.be\/fr\/organiser-des-funerailles-cals-sereni\/cremation-cals-sereni\/\"]}]},{\"@type\":\"ImageObject\",\"inLanguage\":\"fr-BE\",\"@id\":\"https:\/\/www.funeraillescals.be\/fr\/organiser-des-funerailles-cals-sereni\/cremation-cals-sereni\/#primaryimage\",\"url\":\"https:\/\/www.touche.be\/app\/uploads\/sites\/80\/2025\/10\/Cals-photo-cendres-paysages.png\",\"contentUrl\":\"https:\/\/www.touche.be\/app\/uploads\/sites\/80\/2025\/10\/Cals-photo-cendres-paysages.png\",\"width\":1200,\"height\":800},{\"@type\":\"BreadcrumbList\",\"@id\":\"https:\/\/www.funeraillescals.be\/fr\/organiser-des-funerailles-cals-sereni\/cremation-cals-sereni\/#breadcrumb\",\"itemListElement\":[{\"@type\":\"ListItem\",\"position\":1,\"name\":\"Organiser des fun\u00e9railles\",\"item\":\"https:\/\/www.funeraillescals.be\/fr\/organiser-des-funerailles-cals-sereni\/\"},{\"@type\":\"ListItem\",\"position\":2,\"name\":\"Cr\u00e9mation\"}]},{\"@type\":\"WebSite\",\"@id\":\"https:\/\/www.funeraillescals.be\/fr\/#website\",\"url\":\"https:\/\/www.funeraillescals.be\/fr\/\",\"name\":\"Cals\",\"description\":\"Just another Sereni site\",\"potentialAction\":[{\"@type\":\"SearchAction\",\"target\":{\"@type\":\"EntryPoint\",\"urlTemplate\":\"https:\/\/www.funeraillescals.be\/fr\/?s={search_term_string}\"},\"query-input\":{\"@type\":\"PropertyValueSpecification\",\"valueRequired\":true,\"valueName\":\"search_term_string\"}}],\"inLanguage\":\"fr-BE\"}]}<\/script>\n<!-- \/ Yoast SEO plugin. -->","yoast_head_json":{"title":"Cr\u00e9mation Cals I Sereni","description":"Le planificateur fun\u00e9raire Cals vous accompagne dans une cr\u00e9mation sur mesure, en respectant vos souhaits, vos valeurs et votre budget.","robots":{"index":"index","follow":"follow","max-snippet":"max-snippet:-1","max-image-preview":"max-image-preview:large","max-video-preview":"max-video-preview:-1"},"canonical":"https:\/\/www.funeraillescals.be\/fr\/organiser-des-funerailles-cals-sereni\/cremation-cals-sereni\/","og_locale":"fr_FR","og_type":"article","og_title":"Cr\u00e9mation Cals I Sereni","og_description":"Le planificateur fun\u00e9raire Cals vous accompagne dans une cr\u00e9mation sur mesure, en respectant vos souhaits, vos valeurs et votre budget.","og_url":"https:\/\/www.funeraillescals.be\/fr\/organiser-des-funerailles-cals-sereni\/cremation-cals-sereni\/","og_site_name":"Cals","article_modified_time":"2025-12-11T15:14:29+00:00","og_image":[{"width":1800,"height":628,"url":"https:\/\/www.touche.be\/app\/uploads\/sites\/80\/2025\/06\/Social-image-Cals-8.jpg","type":"image\/jpeg"}],"twitter_card":"summary_large_image","twitter_misc":{"Est. reading time":"3 minutes"},"schema":{"@context":"https:\/\/schema.org","@graph":[{"@type":"WebPage","@id":"https:\/\/www.funeraillescals.be\/fr\/organiser-des-funerailles-cals-sereni\/cremation-cals-sereni\/","url":"https:\/\/www.funeraillescals.be\/fr\/organiser-des-funerailles-cals-sereni\/cremation-cals-sereni\/","name":"Cr\u00e9mation Cals I Sereni","isPartOf":{"@id":"https:\/\/www.funeraillescals.be\/fr\/#website"},"primaryImageOfPage":{"@id":"https:\/\/www.funeraillescals.be\/fr\/organiser-des-funerailles-cals-sereni\/cremation-cals-sereni\/#primaryimage"},"image":{"@id":"https:\/\/www.funeraillescals.be\/fr\/organiser-des-funerailles-cals-sereni\/cremation-cals-sereni\/#primaryimage"},"thumbnailUrl":"https:\/\/www.touche.be\/app\/uploads\/sites\/80\/2025\/10\/Cals-photo-cendres-paysages.png","datePublished":"2022-04-04T11:15:39+00:00","dateModified":"2025-12-11T15:14:29+00:00","description":"Le planificateur fun\u00e9raire Cals vous accompagne dans une cr\u00e9mation sur mesure, en respectant vos souhaits, vos valeurs et votre budget.","breadcrumb":{"@id":"https:\/\/www.funeraillescals.be\/fr\/organiser-des-funerailles-cals-sereni\/cremation-cals-sereni\/#breadcrumb"},"inLanguage":"fr-BE","potentialAction":[{"@type":"ReadAction","target":["https:\/\/www.funeraillescals.be\/fr\/organiser-des-funerailles-cals-sereni\/cremation-cals-sereni\/"]}]},{"@type":"ImageObject","inLanguage":"fr-BE","@id":"https:\/\/www.funeraillescals.be\/fr\/organiser-des-funerailles-cals-sereni\/cremation-cals-sereni\/#primaryimage","url":"https:\/\/www.touche.be\/app\/uploads\/sites\/80\/2025\/10\/Cals-photo-cendres-paysages.png","contentUrl":"https:\/\/www.touche.be\/app\/uploads\/sites\/80\/2025\/10\/Cals-photo-cendres-paysages.png","width":1200,"height":800},{"@type":"BreadcrumbList","@id":"https:\/\/www.funeraillescals.be\/fr\/organiser-des-funerailles-cals-sereni\/cremation-cals-sereni\/#breadcrumb","itemListElement":[{"@type":"ListItem","position":1,"name":"Organiser des fun\u00e9railles","item":"https:\/\/www.funeraillescals.be\/fr\/organiser-des-funerailles-cals-sereni\/"},{"@type":"ListItem","position":2,"name":"Cr\u00e9mation"}]},{"@type":"WebSite","@id":"https:\/\/www.funeraillescals.be\/fr\/#website","url":"https:\/\/www.funeraillescals.be\/fr\/","name":"Cals","description":"Just another Sereni site","potentialAction":[{"@type":"SearchAction","target":{"@type":"EntryPoint","urlTemplate":"https:\/\/www.funeraillescals.be\/fr\/?s={search_term_string}"},"query-input":{"@type":"PropertyValueSpecification","valueRequired":true,"valueName":"search_term_string"}}],"inLanguage":"fr-BE"}]}},"_links":{"self":[{"href":"https:\/\/www.funeraillescals.be\/fr\/wp-json\/wp\/v2\/pages\/24670","targetHints":{"allow":["GET"]}}],"collection":[{"href":"https:\/\/www.funeraillescals.be\/fr\/wp-json\/wp\/v2\/pages"}],"about":[{"href":"https:\/\/www.funeraillescals.be\/fr\/wp-json\/wp\/v2\/types\/page"}],"author":[{"embeddable":true,"href":"https:\/\/www.funeraillescals.be\/fr\/wp-json\/wp\/v2\/users\/1"}],"replies":[{"embeddable":true,"href":"https:\/\/www.funeraillescals.be\/fr\/wp-json\/wp\/v2\/comments?post=24670"}],"version-history":[{"count":34,"href":"https:\/\/www.funeraillescals.be\/fr\/wp-json\/wp\/v2\/pages\/24670\/revisions"}],"predecessor-version":[{"id":83049,"href":"https:\/\/www.funeraillescals.be\/fr\/wp-json\/wp\/v2\/pages\/24670\/revisions\/83049"}],"up":[{"embeddable":true,"href":"https:\/\/www.funeraillescals.be\/fr\/wp-json\/wp\/v2\/pages\/24683"}],"wp:featuredmedia":[{"embeddable":true,"href":"https:\/\/www.funeraillescals.be\/fr\/wp-json\/wp\/v2\/media\/82261"}],"wp:attachment":[{"href":"https:\/\/www.funeraillescals.be\/fr\/wp-json\/wp\/v2\/media?parent=24670"}],"curies":[{"name":"wp","href":"https:\/\/api.w.org\/{rel}","templated":true}]}}