{"id":24669,"date":"2022-04-04T11:14:59","date_gmt":"2022-04-04T10:14:59","guid":{"rendered":"https:\/\/www.funeraillescals.be\/onze-diensten\/begrafenis\/"},"modified":"2025-12-02T16:57:15","modified_gmt":"2025-12-02T15:57:15","slug":"inhumation-cals-sereni","status":"publish","type":"page","link":"https:\/\/www.funeraillescals.be\/fr\/organiser-des-funerailles-cals-sereni\/inhumation-cals-sereni\/","title":{"rendered":"L&#8217;inhumation"},"content":{"rendered":"\n<div id=\"block-main-banner-block_899daee07d3e6d41f3b72e428c49c94a\" class=\"block-main-banner\">\n    <div class=\"container\">\n        <div class=\"banner-wrap layout2 content_right content_top\">\n            <div class=\"banner-image\">\n                                                            <img loading=\"lazy\" decoding=\"async\" width=\"960\" height=\"1440\" src=\"https:\/\/www.touche.be\/app\/uploads\/sites\/80\/2024\/02\/CMS_Inhumation-960x1440.jpg\" class=\"attachment-full-stretched size-full-stretched\" alt=\"L&#039;inhumation\" srcset=\"https:\/\/www.touche.be\/app\/uploads\/sites\/80\/2024\/02\/CMS_Inhumation-960x1440.jpg 960w, https:\/\/www.touche.be\/app\/uploads\/sites\/80\/2024\/02\/CMS_Inhumation-200x300.jpg 200w, https:\/\/www.touche.be\/app\/uploads\/sites\/80\/2024\/02\/CMS_Inhumation-683x1024.jpg 683w, https:\/\/www.touche.be\/app\/uploads\/sites\/80\/2024\/02\/CMS_Inhumation-768x1152.jpg 768w, https:\/\/www.touche.be\/app\/uploads\/sites\/80\/2024\/02\/CMS_Inhumation-1024x1536.jpg 1024w, https:\/\/www.touche.be\/app\/uploads\/sites\/80\/2024\/02\/CMS_Inhumation-867x1300.jpg 867w, https:\/\/www.touche.be\/app\/uploads\/sites\/80\/2024\/02\/CMS_Inhumation-600x900.jpg 600w, https:\/\/www.touche.be\/app\/uploads\/sites\/80\/2024\/02\/CMS_Inhumation-400x600.jpg 400w, https:\/\/www.touche.be\/app\/uploads\/sites\/80\/2024\/02\/CMS_Inhumation.jpg 1200w\" sizes=\"auto, (max-width: 960px) 100vw, 960px\" title=\"L&#039;inhumation\" \/>                                                <\/div>\n\n                            <div class=\"banner-content\">\n                    <div class=\"inner\">\n                        <p data-start=\"801\" data-end=\"971\">Chaque commune poss\u00e8de sa propre r\u00e9glementation. Nous vous expliquons clairement les diff\u00e9rentes options possibles et vous aidons \u00e0 trouver la solution la plus adapt\u00e9e.<\/p>\n<ul data-start=\"973\" data-end=\"1456\">\n<li data-start=\"973\" data-end=\"1083\">\n<p data-start=\"975\" data-end=\"1083\"><strong>Inhumation en pleine terre<\/strong> : gratuite pour une dur\u00e9e de 5 ans \u00e0 Bruxelles, et 10 ans en Flandre et en Wallonie.<\/p>\n<\/li>\n<li data-start=\"1084\" data-end=\"1218\">\n<p data-start=\"1086\" data-end=\"1218\"><strong data-start=\"1086\" data-end=\"1123\">Concession familiale ou prolong\u00e9e<\/strong> : permet de conserver un lieu de m\u00e9moire sur plusieurs g\u00e9n\u00e9rations (des frais s\u2019appliquent).<\/p>\n<\/li>\n<li data-start=\"1219\" data-end=\"1381\">\n<p data-start=\"1221\" data-end=\"1381\"><strong data-start=\"1221\" data-end=\"1232\">Caveaux<\/strong> : compos\u00e9s de citernes superpos\u00e9es, ils offrent une solution durable mais plus co\u00fbteuse. Certaines communes exigent un cercueil int\u00e9rieur en zinc.<\/p>\n<\/li>\n<li data-start=\"1382\" data-end=\"1456\">\n<p data-start=\"1384\" data-end=\"1456\"><strong data-start=\"1384\" data-end=\"1396\">Cavurnes<\/strong> : solution \u00e9conomique pour accueillir une urne cin\u00e9raire.<\/p>\n<\/li>\n<\/ul>\n<h3 data-start=\"881\" data-end=\"907\"><strong data-start=\"881\" data-end=\"905\">Co\u00fbt d\u2019une inhumation<\/strong><\/h3>\n<p><strong>Le co\u00fbt des fun\u00e9railles<\/strong> d\u00e9pend de nombreux facteurs. Chez Cals, nous croyons qu\u2019il est essentiel de rendre chaque adieu personnel et chaleureux. C\u2019est pourquoi nous vous accompagnons pour organiser des fun\u00e9railles <strong>sur mesure<\/strong>, en tenant compte de vos souhaits et de votre budget.<\/p>\n<p><a class=\"btn btn-primary\" href=\"https:\/\/www.funeraillescals.be\/fr\/contact-cals-sereni\/\" rel=\"noopener\">Contactez-nous<\/a>\u00a0 \u00a0\u00a0 <a class=\"btn btn-primary\" href=\"https:\/\/www.funeraillescals.be\/fr\/nos-funerariums-cals-sereni\/\" rel=\"noopener\">A propos de Cals<\/a><\/p>\n<p>&nbsp;<\/p>\n                    <\/div>\n                <\/div>\n                    <\/div>\n    <\/div>\n<\/div>\n\n\n\n<div id=\"block-main-banner-block_28bb6b99f27d3b1f0cf071c27e057095\" class=\"block-main-banner\">\n    <div class=\"container\">\n        <div class=\"banner-wrap layout2 content_left content_top\">\n            <div class=\"banner-image\">\n                                                            <a href=\"https:\/\/mijn.sereni.be\/fr-BE\/connexion?lang=fr\">\n                                            <img loading=\"lazy\" decoding=\"async\" width=\"1440\" height=\"960\" src=\"https:\/\/www.touche.be\/app\/uploads\/sites\/80\/2025\/12\/7-1440x960.jpg\" class=\"attachment-full-stretched size-full-stretched\" alt=\"L&#039;inhumation\" srcset=\"https:\/\/www.touche.be\/app\/uploads\/sites\/80\/2025\/12\/7-1440x960.jpg 1440w, https:\/\/www.touche.be\/app\/uploads\/sites\/80\/2025\/12\/7-300x200.jpg 300w, https:\/\/www.touche.be\/app\/uploads\/sites\/80\/2025\/12\/7-1024x683.jpg 1024w, https:\/\/www.touche.be\/app\/uploads\/sites\/80\/2025\/12\/7-768x512.jpg 768w, https:\/\/www.touche.be\/app\/uploads\/sites\/80\/2025\/12\/7-1536x1024.jpg 1536w, https:\/\/www.touche.be\/app\/uploads\/sites\/80\/2025\/12\/7-450x300.jpg 450w, https:\/\/www.touche.be\/app\/uploads\/sites\/80\/2025\/12\/7-1300x867.jpg 1300w, https:\/\/www.touche.be\/app\/uploads\/sites\/80\/2025\/12\/7.jpg 1800w\" sizes=\"auto, (max-width: 1440px) 100vw, 1440px\" title=\"L&#039;inhumation\" \/>                                            <\/a>\n                                                <\/div>\n\n                            <div class=\"banner-content\">\n                    <div class=\"inner\">\n                        <h2 data-start=\"344\" data-end=\"717\">Mon Sereni : votre espace s\u00e9curis\u00e9<\/h2>\n<p data-start=\"199\" data-end=\"454\">Mon Sereni est une plateforme en ligne s\u00e9curis\u00e9e qui r\u00e9unit vos documents, vos souhaits et <strong>toutes les informations n\u00e9cessaires \u00e0 la pr\u00e9paration des fun\u00e9railles.<\/strong> Vous pouvez tout g\u00e9rer \u00e0 votre rythme, en lien direct avec votre conseiller fun\u00e9raire local.<\/p>\n<ul>\n<li data-start=\"2254\" data-end=\"2605\">\ud83d\udd4a\ufe0f<strong> Indiquez vos souhaits et pr\u00e9f\u00e9rences pour la c\u00e9r\u00e9monie<\/strong><\/li>\n<li data-start=\"2254\" data-end=\"2605\"><strong>\ud83d\udcc4 Rassemblez les documents et informations n\u00e9cessaires<\/strong><\/li>\n<li data-start=\"2254\" data-end=\"2605\">\ud83c\udfb5 <strong>Choisissez la musique, les lectures ou les photos \u00e0 partager<\/strong><\/li>\n<li data-start=\"2254\" data-end=\"2605\">\ud83d\udcac<strong> Suivez et compl\u00e9tez votre dossier avec votre conseiller<\/strong><\/li>\n<\/ul>\n<p data-start=\"2254\" data-end=\"2605\">Tout est centralis\u00e9 sur une plateforme unique, pour une organisation claire, fluide et apais\u00e9e.<br \/>\n<br data-start=\"2375\" data-end=\"2378\" \/><a class=\"btn btn-primary\" href=\"https:\/\/mijn.sereni.be\/fr-BE\/connexion?lang=fr\" target=\"_blank\" rel=\"noopener\">Plus d&#8217;info<\/a><\/p>\n                    <\/div>\n                <\/div>\n                    <\/div>\n    <\/div>\n<\/div>\n\n\n<div id=\"block-variable-content-list-block_bc10755420dba0441e9911d8b80d68cc\" class=\"block-variable-content-list default\">\n    <div class=\"container\">\n        <div class=\"widget-wrap per_row_4\">\n                        <div class=\"block-content\">\n                                                                                    <div class=\"element\">\n                                                            \n                                                                    <div class=\"image-wrap\">\n                                                                                    <a href=\"https:\/\/www.funeraillescals.be\/fr\/condoleances-cals-sereni\/\">\n                                                                                    <img loading=\"lazy\" decoding=\"async\" width=\"944\" height=\"629\" src=\"https:\/\/www.touche.be\/app\/uploads\/sites\/80\/2025\/11\/Mains-formant-un-coeur-symbolisant-lenvoi-de-condoleances-en-ligne.jpg\" class=\"attachment-large size-large\" alt=\"L&#039;inhumation\" srcset=\"https:\/\/www.touche.be\/app\/uploads\/sites\/80\/2025\/11\/Mains-formant-un-coeur-symbolisant-lenvoi-de-condoleances-en-ligne.jpg 944w, https:\/\/www.touche.be\/app\/uploads\/sites\/80\/2025\/11\/Mains-formant-un-coeur-symbolisant-lenvoi-de-condoleances-en-ligne-300x200.jpg 300w, https:\/\/www.touche.be\/app\/uploads\/sites\/80\/2025\/11\/Mains-formant-un-coeur-symbolisant-lenvoi-de-condoleances-en-ligne-768x512.jpg 768w, https:\/\/www.touche.be\/app\/uploads\/sites\/80\/2025\/11\/Mains-formant-un-coeur-symbolisant-lenvoi-de-condoleances-en-ligne-450x300.jpg 450w\" sizes=\"auto, (max-width: 944px) 100vw, 944px\" title=\"L&#039;inhumation\" \/>                                                                                    <\/a>\n                                                                            <\/div>\n                                \n                                                                    <div class=\"content-wrap\">\n                                        <h4>Vos condol\u00e9ances en ligne<\/h4>\n<p>Envoyez un message, une carte ou des fleurs en quelques clics.<\/p>\n<p><a class=\"btn btn-primary\" href=\"https:\/\/www.funeraillescals.be\/fr\/condoleances-cals-sereni\/\" rel=\"noopener\">Plus d\u2019info<\/a><\/p>\n                                    <\/div>\n                                                                                    <\/div>\n                                                                    <div class=\"element\">\n                                                            \n                                                                    <div class=\"image-wrap\">\n                                                                                    <a href=\"https:\/\/www.funeraillescals.be\/fr\/organiser-des-funerailles-cals-sereni\/transfert-et-rapatriement-cals-sereni\/\">\n                                                                                    <img loading=\"lazy\" decoding=\"async\" width=\"944\" height=\"629\" src=\"https:\/\/www.touche.be\/app\/uploads\/sites\/80\/2025\/11\/Avion-dans-le-ciel-\u2013-Rapatriement-funeraire-a-letranger.jpg\" class=\"attachment-large size-large\" alt=\"L&#039;inhumation\" srcset=\"https:\/\/www.touche.be\/app\/uploads\/sites\/80\/2025\/11\/Avion-dans-le-ciel-\u2013-Rapatriement-funeraire-a-letranger.jpg 944w, https:\/\/www.touche.be\/app\/uploads\/sites\/80\/2025\/11\/Avion-dans-le-ciel-\u2013-Rapatriement-funeraire-a-letranger-300x200.jpg 300w, https:\/\/www.touche.be\/app\/uploads\/sites\/80\/2025\/11\/Avion-dans-le-ciel-\u2013-Rapatriement-funeraire-a-letranger-768x512.jpg 768w, https:\/\/www.touche.be\/app\/uploads\/sites\/80\/2025\/11\/Avion-dans-le-ciel-\u2013-Rapatriement-funeraire-a-letranger-450x300.jpg 450w\" sizes=\"auto, (max-width: 944px) 100vw, 944px\" title=\"L&#039;inhumation\" \/>                                                                                    <\/a>\n                                                                            <\/div>\n                                \n                                                                    <div class=\"content-wrap\">\n                                        <h4>Transfert et rapatriement<\/h4>\n<p>Organisation respectueuse des rapatriements internationaux.<\/p>\n<p><a class=\"btn btn-primary\" href=\"https:\/\/www.funeraillescals.be\/fr\/organiser-des-funerailles-cals-sereni\/transfert-et-rapatriement-cals-sereni\/\" target=\"_blank\" rel=\"noopener\">Plus d\u2019info<\/a><\/p>\n                                    <\/div>\n                                                                                    <\/div>\n                                                                    <div class=\"element\">\n                                                            \n                                                                    <div class=\"image-wrap\">\n                                                                                    <a href=\"https:\/\/www.funeraillescals.be\/fr\/organiser-des-funerailles-cals-sereni\/imprimes-funeraires-cals-sereni\/\">\n                                                                                    <img loading=\"lazy\" decoding=\"async\" width=\"944\" height=\"629\" src=\"https:\/\/www.touche.be\/app\/uploads\/sites\/80\/2025\/11\/Faire-part-et-cartes-de-deuil-\u2013-Funerailles-Cals-3.jpg\" class=\"attachment-large size-large\" alt=\"L&#039;inhumation\" srcset=\"https:\/\/www.touche.be\/app\/uploads\/sites\/80\/2025\/11\/Faire-part-et-cartes-de-deuil-\u2013-Funerailles-Cals-3.jpg 944w, https:\/\/www.touche.be\/app\/uploads\/sites\/80\/2025\/11\/Faire-part-et-cartes-de-deuil-\u2013-Funerailles-Cals-3-300x200.jpg 300w, https:\/\/www.touche.be\/app\/uploads\/sites\/80\/2025\/11\/Faire-part-et-cartes-de-deuil-\u2013-Funerailles-Cals-3-768x512.jpg 768w, https:\/\/www.touche.be\/app\/uploads\/sites\/80\/2025\/11\/Faire-part-et-cartes-de-deuil-\u2013-Funerailles-Cals-3-450x300.jpg 450w\" sizes=\"auto, (max-width: 944px) 100vw, 944px\" title=\"L&#039;inhumation\" \/>                                                                                    <\/a>\n                                                                            <\/div>\n                                \n                                                                    <div class=\"content-wrap\">\n                                        <h4>Imprim\u00e9s fun\u00e9raires<\/h4>\n<p>Nous r\u00e9alisons des imprim\u00e9s personnalis\u00e9s et uniques.<\/p>\n<p><a class=\"btn btn-primary\" href=\"https:\/\/www.funeraillescals.be\/fr\/organiser-des-funerailles-cals-sereni\/imprimes-funeraires-cals-sereni\/\" target=\"_blank\" rel=\"noopener\">Plus d\u2019info<\/a><\/p>\n                                    <\/div>\n                                                                                    <\/div>\n                                                                    <div class=\"element\">\n                                                            \n                                                                    <div class=\"image-wrap\">\n                                                                                    <a href=\"https:\/\/www.funeraillescals.be\/fr\/organiser-des-funerailles-cals-sereni\/aide-administrative-cals-sereni\/\">\n                                                                                    <img loading=\"lazy\" decoding=\"async\" width=\"944\" height=\"629\" src=\"https:\/\/www.touche.be\/app\/uploads\/sites\/80\/2025\/11\/Aide-psychologique-\u2013-Funerailles-Cals-Sereni.png\" class=\"attachment-large size-large\" alt=\"L&#039;inhumation\" srcset=\"https:\/\/www.touche.be\/app\/uploads\/sites\/80\/2025\/11\/Aide-psychologique-\u2013-Funerailles-Cals-Sereni.png 944w, https:\/\/www.touche.be\/app\/uploads\/sites\/80\/2025\/11\/Aide-psychologique-\u2013-Funerailles-Cals-Sereni-300x200.png 300w, https:\/\/www.touche.be\/app\/uploads\/sites\/80\/2025\/11\/Aide-psychologique-\u2013-Funerailles-Cals-Sereni-768x512.png 768w, https:\/\/www.touche.be\/app\/uploads\/sites\/80\/2025\/11\/Aide-psychologique-\u2013-Funerailles-Cals-Sereni-450x300.png 450w\" sizes=\"auto, (max-width: 944px) 100vw, 944px\" title=\"L&#039;inhumation\" \/>                                                                                    <\/a>\n                                                                            <\/div>\n                                \n                                                                    <div class=\"content-wrap\">\n                                        <h4>Soutien administratif et psy<\/h4>\n<p>Nous vous accompagnons avant, pendant et apr\u00e8s les fun\u00e9railles.<\/p>\n<p><a class=\"btn btn-primary\" href=\"https:\/\/www.funeraillescals.be\/fr\/organiser-des-funerailles-cals-sereni\/aide-administrative-cals-sereni\/\" target=\"_blank\" rel=\"noopener\">Plus d\u2019info<\/a><\/p>\n                                    <\/div>\n                                                                                    <\/div>\n                                                                    <div class=\"element\">\n                                                            \n                                \n                                                                                    <\/div>\n                                                <\/div>\n        <\/div>\n    <\/div>\n<\/div>\n","protected":false},"excerpt":{"rendered":"","protected":false},"author":1,"featured_media":82413,"parent":24683,"menu_order":0,"comment_status":"closed","ping_status":"closed","template":"","meta":{"_acf_changed":false,"footnotes":""},"class_list":["post-24669","page","type-page","status-publish","has-post-thumbnail","hentry"],"acf":[],"yoast_head":"<!-- This site is optimized with the Yoast SEO plugin v25.8 - https:\/\/yoast.com\/wordpress\/plugins\/seo\/ -->\n<title>Inhumation Cals I Sereni<\/title>\n<meta name=\"description\" content=\"Les pompes fun\u00e8bres Cals | Sereni organise des fun\u00e9railles uniques et sur mesure. Chaque vie est unique, vos fun\u00e9railles aussi.\" \/>\n<meta name=\"robots\" content=\"index, follow, max-snippet:-1, max-image-preview:large, max-video-preview:-1\" \/>\n<link rel=\"canonical\" href=\"https:\/\/www.funeraillescals.be\/fr\/organiser-des-funerailles-cals-sereni\/inhumation-cals-sereni\/\" \/>\n<meta property=\"og:locale\" content=\"fr_FR\" \/>\n<meta property=\"og:type\" content=\"article\" \/>\n<meta property=\"og:title\" content=\"Inhumation Cals I Sereni\" \/>\n<meta property=\"og:description\" content=\"Les pompes fun\u00e8bres Cals | Sereni organise des fun\u00e9railles uniques et sur mesure. Chaque vie est unique, vos fun\u00e9railles aussi.\" \/>\n<meta property=\"og:url\" content=\"https:\/\/www.funeraillescals.be\/fr\/organiser-des-funerailles-cals-sereni\/inhumation-cals-sereni\/\" \/>\n<meta property=\"og:site_name\" content=\"Cals\" \/>\n<meta property=\"article:modified_time\" content=\"2025-12-02T15:57:15+00:00\" \/>\n<meta property=\"og:image\" content=\"https:\/\/www.touche.be\/app\/uploads\/sites\/80\/2025\/06\/Social-image-Cals-7.jpg\" \/>\n\t<meta property=\"og:image:width\" content=\"1800\" \/>\n\t<meta property=\"og:image:height\" content=\"628\" \/>\n\t<meta property=\"og:image:type\" content=\"image\/jpeg\" \/>\n<meta name=\"twitter:card\" content=\"summary_large_image\" \/>\n<meta name=\"twitter:label1\" content=\"Est. reading time\" \/>\n\t<meta name=\"twitter:data1\" content=\"3 minutes\" \/>\n<script type=\"application\/ld+json\" class=\"yoast-schema-graph\">{\"@context\":\"https:\/\/schema.org\",\"@graph\":[{\"@type\":\"WebPage\",\"@id\":\"https:\/\/www.funeraillescals.be\/fr\/organiser-des-funerailles-cals-sereni\/inhumation-cals-sereni\/\",\"url\":\"https:\/\/www.funeraillescals.be\/fr\/organiser-des-funerailles-cals-sereni\/inhumation-cals-sereni\/\",\"name\":\"Inhumation Cals I Sereni\",\"isPartOf\":{\"@id\":\"https:\/\/www.funeraillescals.be\/fr\/#website\"},\"primaryImageOfPage\":{\"@id\":\"https:\/\/www.funeraillescals.be\/fr\/organiser-des-funerailles-cals-sereni\/inhumation-cals-sereni\/#primaryimage\"},\"image\":{\"@id\":\"https:\/\/www.funeraillescals.be\/fr\/organiser-des-funerailles-cals-sereni\/inhumation-cals-sereni\/#primaryimage\"},\"thumbnailUrl\":\"https:\/\/www.touche.be\/app\/uploads\/sites\/80\/2025\/10\/14-1.png\",\"datePublished\":\"2022-04-04T10:14:59+00:00\",\"dateModified\":\"2025-12-02T15:57:15+00:00\",\"description\":\"Les pompes fun\u00e8bres Cals | Sereni organise des fun\u00e9railles uniques et sur mesure. Chaque vie est unique, vos fun\u00e9railles aussi.\",\"breadcrumb\":{\"@id\":\"https:\/\/www.funeraillescals.be\/fr\/organiser-des-funerailles-cals-sereni\/inhumation-cals-sereni\/#breadcrumb\"},\"inLanguage\":\"fr-BE\",\"potentialAction\":[{\"@type\":\"ReadAction\",\"target\":[\"https:\/\/www.funeraillescals.be\/fr\/organiser-des-funerailles-cals-sereni\/inhumation-cals-sereni\/\"]}]},{\"@type\":\"ImageObject\",\"inLanguage\":\"fr-BE\",\"@id\":\"https:\/\/www.funeraillescals.be\/fr\/organiser-des-funerailles-cals-sereni\/inhumation-cals-sereni\/#primaryimage\",\"url\":\"https:\/\/www.touche.be\/app\/uploads\/sites\/80\/2025\/10\/14-1.png\",\"contentUrl\":\"https:\/\/www.touche.be\/app\/uploads\/sites\/80\/2025\/10\/14-1.png\",\"width\":1920,\"height\":1080},{\"@type\":\"BreadcrumbList\",\"@id\":\"https:\/\/www.funeraillescals.be\/fr\/organiser-des-funerailles-cals-sereni\/inhumation-cals-sereni\/#breadcrumb\",\"itemListElement\":[{\"@type\":\"ListItem\",\"position\":1,\"name\":\"Organiser des fun\u00e9railles\",\"item\":\"https:\/\/www.funeraillescals.be\/fr\/organiser-des-funerailles-cals-sereni\/\"},{\"@type\":\"ListItem\",\"position\":2,\"name\":\"L&#8217;inhumation\"}]},{\"@type\":\"WebSite\",\"@id\":\"https:\/\/www.funeraillescals.be\/fr\/#website\",\"url\":\"https:\/\/www.funeraillescals.be\/fr\/\",\"name\":\"Cals\",\"description\":\"Just another Sereni site\",\"potentialAction\":[{\"@type\":\"SearchAction\",\"target\":{\"@type\":\"EntryPoint\",\"urlTemplate\":\"https:\/\/www.funeraillescals.be\/fr\/?s={search_term_string}\"},\"query-input\":{\"@type\":\"PropertyValueSpecification\",\"valueRequired\":true,\"valueName\":\"search_term_string\"}}],\"inLanguage\":\"fr-BE\"}]}<\/script>\n<!-- \/ Yoast SEO plugin. -->","yoast_head_json":{"title":"Inhumation Cals I Sereni","description":"Les pompes fun\u00e8bres Cals | Sereni organise des fun\u00e9railles uniques et sur mesure. Chaque vie est unique, vos fun\u00e9railles aussi.","robots":{"index":"index","follow":"follow","max-snippet":"max-snippet:-1","max-image-preview":"max-image-preview:large","max-video-preview":"max-video-preview:-1"},"canonical":"https:\/\/www.funeraillescals.be\/fr\/organiser-des-funerailles-cals-sereni\/inhumation-cals-sereni\/","og_locale":"fr_FR","og_type":"article","og_title":"Inhumation Cals I Sereni","og_description":"Les pompes fun\u00e8bres Cals | Sereni organise des fun\u00e9railles uniques et sur mesure. Chaque vie est unique, vos fun\u00e9railles aussi.","og_url":"https:\/\/www.funeraillescals.be\/fr\/organiser-des-funerailles-cals-sereni\/inhumation-cals-sereni\/","og_site_name":"Cals","article_modified_time":"2025-12-02T15:57:15+00:00","og_image":[{"width":1800,"height":628,"url":"https:\/\/www.touche.be\/app\/uploads\/sites\/80\/2025\/06\/Social-image-Cals-7.jpg","type":"image\/jpeg"}],"twitter_card":"summary_large_image","twitter_misc":{"Est. reading time":"3 minutes"},"schema":{"@context":"https:\/\/schema.org","@graph":[{"@type":"WebPage","@id":"https:\/\/www.funeraillescals.be\/fr\/organiser-des-funerailles-cals-sereni\/inhumation-cals-sereni\/","url":"https:\/\/www.funeraillescals.be\/fr\/organiser-des-funerailles-cals-sereni\/inhumation-cals-sereni\/","name":"Inhumation Cals I Sereni","isPartOf":{"@id":"https:\/\/www.funeraillescals.be\/fr\/#website"},"primaryImageOfPage":{"@id":"https:\/\/www.funeraillescals.be\/fr\/organiser-des-funerailles-cals-sereni\/inhumation-cals-sereni\/#primaryimage"},"image":{"@id":"https:\/\/www.funeraillescals.be\/fr\/organiser-des-funerailles-cals-sereni\/inhumation-cals-sereni\/#primaryimage"},"thumbnailUrl":"https:\/\/www.touche.be\/app\/uploads\/sites\/80\/2025\/10\/14-1.png","datePublished":"2022-04-04T10:14:59+00:00","dateModified":"2025-12-02T15:57:15+00:00","description":"Les pompes fun\u00e8bres Cals | Sereni organise des fun\u00e9railles uniques et sur mesure. Chaque vie est unique, vos fun\u00e9railles aussi.","breadcrumb":{"@id":"https:\/\/www.funeraillescals.be\/fr\/organiser-des-funerailles-cals-sereni\/inhumation-cals-sereni\/#breadcrumb"},"inLanguage":"fr-BE","potentialAction":[{"@type":"ReadAction","target":["https:\/\/www.funeraillescals.be\/fr\/organiser-des-funerailles-cals-sereni\/inhumation-cals-sereni\/"]}]},{"@type":"ImageObject","inLanguage":"fr-BE","@id":"https:\/\/www.funeraillescals.be\/fr\/organiser-des-funerailles-cals-sereni\/inhumation-cals-sereni\/#primaryimage","url":"https:\/\/www.touche.be\/app\/uploads\/sites\/80\/2025\/10\/14-1.png","contentUrl":"https:\/\/www.touche.be\/app\/uploads\/sites\/80\/2025\/10\/14-1.png","width":1920,"height":1080},{"@type":"BreadcrumbList","@id":"https:\/\/www.funeraillescals.be\/fr\/organiser-des-funerailles-cals-sereni\/inhumation-cals-sereni\/#breadcrumb","itemListElement":[{"@type":"ListItem","position":1,"name":"Organiser des fun\u00e9railles","item":"https:\/\/www.funeraillescals.be\/fr\/organiser-des-funerailles-cals-sereni\/"},{"@type":"ListItem","position":2,"name":"L&#8217;inhumation"}]},{"@type":"WebSite","@id":"https:\/\/www.funeraillescals.be\/fr\/#website","url":"https:\/\/www.funeraillescals.be\/fr\/","name":"Cals","description":"Just another Sereni site","potentialAction":[{"@type":"SearchAction","target":{"@type":"EntryPoint","urlTemplate":"https:\/\/www.funeraillescals.be\/fr\/?s={search_term_string}"},"query-input":{"@type":"PropertyValueSpecification","valueRequired":true,"valueName":"search_term_string"}}],"inLanguage":"fr-BE"}]}},"_links":{"self":[{"href":"https:\/\/www.funeraillescals.be\/fr\/wp-json\/wp\/v2\/pages\/24669","targetHints":{"allow":["GET"]}}],"collection":[{"href":"https:\/\/www.funeraillescals.be\/fr\/wp-json\/wp\/v2\/pages"}],"about":[{"href":"https:\/\/www.funeraillescals.be\/fr\/wp-json\/wp\/v2\/types\/page"}],"author":[{"embeddable":true,"href":"https:\/\/www.funeraillescals.be\/fr\/wp-json\/wp\/v2\/users\/1"}],"replies":[{"embeddable":true,"href":"https:\/\/www.funeraillescals.be\/fr\/wp-json\/wp\/v2\/comments?post=24669"}],"version-history":[{"count":40,"href":"https:\/\/www.funeraillescals.be\/fr\/wp-json\/wp\/v2\/pages\/24669\/revisions"}],"predecessor-version":[{"id":83042,"href":"https:\/\/www.funeraillescals.be\/fr\/wp-json\/wp\/v2\/pages\/24669\/revisions\/83042"}],"up":[{"embeddable":true,"href":"https:\/\/www.funeraillescals.be\/fr\/wp-json\/wp\/v2\/pages\/24683"}],"wp:featuredmedia":[{"embeddable":true,"href":"https:\/\/www.funeraillescals.be\/fr\/wp-json\/wp\/v2\/media\/82413"}],"wp:attachment":[{"href":"https:\/\/www.funeraillescals.be\/fr\/wp-json\/wp\/v2\/media?parent=24669"}],"curies":[{"name":"wp","href":"https:\/\/api.w.org\/{rel}","templated":true}]}}