{"id":24668,"date":"2022-04-04T15:02:50","date_gmt":"2022-04-04T14:02:50","guid":{"rendered":"https:\/\/www.funeraillescals.be\/onze-diensten\/"},"modified":"2025-11-20T21:27:08","modified_gmt":"2025-11-20T20:27:08","slug":"anticiper-et-prevoir-cals-sereni","status":"publish","type":"page","link":"https:\/\/www.funeraillescals.be\/fr\/anticiper-et-prevoir-cals-sereni\/","title":{"rendered":"Anticiper et pr\u00e9voir"},"content":{"rendered":"<div id=\"block-variable-content-list-block_6c5bc0de84414cf10be4352a24863f41\" class=\"block-variable-content-list default\">\n    <div class=\"container\">\n        <div class=\"widget-wrap per_row_2\">\n                        <div class=\"block-content\">\n                                                                                    <div class=\"element\">\n                                                            \n                                                                    <div class=\"image-wrap\">\n                                                                                    <a href=\"https:\/\/www.funeraillescals.be\/fr\/anticiper-et-prevoir-cals-sereni\/plan-funeraire-cals-sereni\/\">\n                                                                                    <img loading=\"lazy\" decoding=\"async\" width=\"1024\" height=\"683\" src=\"https:\/\/www.touche.be\/app\/uploads\/sites\/80\/2025\/11\/plan-funeraire-1024x683.jpg\" class=\"attachment-large size-large\" alt=\"Anticiper et pr\u00e9voir\" srcset=\"https:\/\/www.touche.be\/app\/uploads\/sites\/80\/2025\/11\/plan-funeraire-1024x683.jpg 1024w, https:\/\/www.touche.be\/app\/uploads\/sites\/80\/2025\/11\/plan-funeraire-300x200.jpg 300w, https:\/\/www.touche.be\/app\/uploads\/sites\/80\/2025\/11\/plan-funeraire-768x512.jpg 768w, https:\/\/www.touche.be\/app\/uploads\/sites\/80\/2025\/11\/plan-funeraire-1536x1024.jpg 1536w, https:\/\/www.touche.be\/app\/uploads\/sites\/80\/2025\/11\/plan-funeraire-2048x1365.jpg 2048w, https:\/\/www.touche.be\/app\/uploads\/sites\/80\/2025\/11\/plan-funeraire-450x300.jpg 450w, https:\/\/www.touche.be\/app\/uploads\/sites\/80\/2025\/11\/plan-funeraire-1300x867.jpg 1300w, https:\/\/www.touche.be\/app\/uploads\/sites\/80\/2025\/11\/plan-funeraire-1440x960.jpg 1440w\" sizes=\"auto, (max-width: 1024px) 100vw, 1024px\" title=\"Anticiper et pr\u00e9voir\" \/>                                                                                    <\/a>\n                                                                            <\/div>\n                                \n                                                                    <div class=\"content-wrap\">\n                                        <p style=\"text-align: left;\">Un plan fun\u00e9raire, c\u2019est planifier vos fun\u00e9railles en pr\u00e9cisant vos souhaits pour la c\u00e9r\u00e9monie, l\u2019inhumation ou la cr\u00e9mation, et le budget associ\u00e9.<\/p>\n<h4 style=\"text-align: left;\"><a class=\"btn btn-primary\" href=\"https:\/\/www.funeraillescals.be\/fr\/anticiper-et-prevoir-cals-sereni\/plan-funeraire-cals-sereni\/\">Plus d&#8217;info sur le plan fun\u00e9raire<\/a><\/h4>\n                                    <\/div>\n                                                                                    <\/div>\n                                                                    <div class=\"element\">\n                                                            \n                                                                    <div class=\"image-wrap\">\n                                                                                    <a href=\"https:\/\/www.funeraillescals.be\/fr\/anticiper-et-prevoir-cals-sereni\/assurance-obseques-cals-sereni\/\">\n                                                                                    <img loading=\"lazy\" decoding=\"async\" width=\"1024\" height=\"678\" src=\"https:\/\/www.touche.be\/app\/uploads\/sites\/80\/2025\/11\/Personnes-agees-se-tenant-la-main-\u2013-Assurance-obseques-Funerailles-Cals-1024x678.png\" class=\"attachment-large size-large\" alt=\"Anticiper et pr\u00e9voir\" srcset=\"https:\/\/www.touche.be\/app\/uploads\/sites\/80\/2025\/11\/Personnes-agees-se-tenant-la-main-\u2013-Assurance-obseques-Funerailles-Cals-1024x678.png 1024w, https:\/\/www.touche.be\/app\/uploads\/sites\/80\/2025\/11\/Personnes-agees-se-tenant-la-main-\u2013-Assurance-obseques-Funerailles-Cals-300x199.png 300w, https:\/\/www.touche.be\/app\/uploads\/sites\/80\/2025\/11\/Personnes-agees-se-tenant-la-main-\u2013-Assurance-obseques-Funerailles-Cals-768x509.png 768w, https:\/\/www.touche.be\/app\/uploads\/sites\/80\/2025\/11\/Personnes-agees-se-tenant-la-main-\u2013-Assurance-obseques-Funerailles-Cals-1536x1018.png 1536w, https:\/\/www.touche.be\/app\/uploads\/sites\/80\/2025\/11\/Personnes-agees-se-tenant-la-main-\u2013-Assurance-obseques-Funerailles-Cals-2048x1357.png 2048w, https:\/\/www.touche.be\/app\/uploads\/sites\/80\/2025\/11\/Personnes-agees-se-tenant-la-main-\u2013-Assurance-obseques-Funerailles-Cals-453x300.png 453w, https:\/\/www.touche.be\/app\/uploads\/sites\/80\/2025\/11\/Personnes-agees-se-tenant-la-main-\u2013-Assurance-obseques-Funerailles-Cals-1300x861.png 1300w, https:\/\/www.touche.be\/app\/uploads\/sites\/80\/2025\/11\/Personnes-agees-se-tenant-la-main-\u2013-Assurance-obseques-Funerailles-Cals-1440x954.png 1440w\" sizes=\"auto, (max-width: 1024px) 100vw, 1024px\" title=\"Anticiper et pr\u00e9voir\" \/>                                                                                    <\/a>\n                                                                            <\/div>\n                                \n                                                                    <div class=\"content-wrap\">\n                                        <p style=\"text-align: left;\">L\u2019assurance obs\u00e8ques est un contrat qui finance tout ou partie des frais li\u00e9s \u00e0 vos fun\u00e9railles.<\/p>\n<h4 style=\"text-align: left;\"><a class=\"btn btn-primary\" href=\"https:\/\/www.funeraillescals.be\/fr\/anticiper-et-prevoir-cals-sereni\/assurance-obseques-cals-sereni\/\">L\u2019Assurance obs\u00e8ques<\/a><\/h4>\n<p style=\"text-align: left;\">\n                                    <\/div>\n                                                                                    <\/div>\n                                                <\/div>\n        <\/div>\n    <\/div>\n<\/div>\n","protected":false},"excerpt":{"rendered":"","protected":false},"author":1,"featured_media":82750,"parent":0,"menu_order":0,"comment_status":"closed","ping_status":"closed","template":"","meta":{"_acf_changed":false,"footnotes":""},"class_list":["post-24668","page","type-page","status-publish","has-post-thumbnail","hentry"],"acf":[],"yoast_head":"<!-- This site is optimized with the Yoast SEO plugin v25.8 - https:\/\/yoast.com\/wordpress\/plugins\/seo\/ -->\n<title>Anticiper et pr\u00e9voir Cals I Sereni<\/title>\n<meta name=\"description\" content=\"Anticiper et pr\u00e9voir : pr\u00e9parez votre plan fun\u00e9raire et assurez vos obs\u00e8ques. Les fun\u00e9railles Cals vous expliquent en toute transparence.\" \/>\n<meta name=\"robots\" content=\"index, follow, max-snippet:-1, max-image-preview:large, max-video-preview:-1\" \/>\n<link rel=\"canonical\" href=\"https:\/\/www.funeraillescals.be\/fr\/anticiper-et-prevoir-cals-sereni\/\" \/>\n<meta property=\"og:locale\" content=\"fr_FR\" \/>\n<meta property=\"og:type\" content=\"article\" \/>\n<meta property=\"og:title\" content=\"Anticiper et pr\u00e9voir Cals I Sereni\" \/>\n<meta property=\"og:description\" content=\"Anticiper et pr\u00e9voir : pr\u00e9parez votre plan fun\u00e9raire et assurez vos obs\u00e8ques. Les fun\u00e9railles Cals vous expliquent en toute transparence.\" \/>\n<meta property=\"og:url\" content=\"https:\/\/www.funeraillescals.be\/fr\/anticiper-et-prevoir-cals-sereni\/\" \/>\n<meta property=\"og:site_name\" content=\"Cals\" \/>\n<meta property=\"article:modified_time\" content=\"2025-11-20T20:27:08+00:00\" \/>\n<meta property=\"og:image\" content=\"https:\/\/www.touche.be\/app\/uploads\/sites\/80\/2025\/11\/meta-anticiper-et-prevoir.png\" \/>\n\t<meta property=\"og:image:width\" content=\"1200\" \/>\n\t<meta property=\"og:image:height\" content=\"628\" \/>\n\t<meta property=\"og:image:type\" content=\"image\/png\" \/>\n<meta name=\"twitter:card\" content=\"summary_large_image\" \/>\n<meta name=\"twitter:label1\" content=\"Est. reading time\" \/>\n\t<meta name=\"twitter:data1\" content=\"1 minute\" \/>\n<script type=\"application\/ld+json\" class=\"yoast-schema-graph\">{\"@context\":\"https:\/\/schema.org\",\"@graph\":[{\"@type\":\"WebPage\",\"@id\":\"https:\/\/www.funeraillescals.be\/fr\/anticiper-et-prevoir-cals-sereni\/\",\"url\":\"https:\/\/www.funeraillescals.be\/fr\/anticiper-et-prevoir-cals-sereni\/\",\"name\":\"Anticiper et pr\u00e9voir Cals I Sereni\",\"isPartOf\":{\"@id\":\"https:\/\/www.funeraillescals.be\/fr\/#website\"},\"primaryImageOfPage\":{\"@id\":\"https:\/\/www.funeraillescals.be\/fr\/anticiper-et-prevoir-cals-sereni\/#primaryimage\"},\"image\":{\"@id\":\"https:\/\/www.funeraillescals.be\/fr\/anticiper-et-prevoir-cals-sereni\/#primaryimage\"},\"thumbnailUrl\":\"https:\/\/www.touche.be\/app\/uploads\/sites\/80\/2025\/11\/plan-funeraire-scaled.jpg\",\"datePublished\":\"2022-04-04T14:02:50+00:00\",\"dateModified\":\"2025-11-20T20:27:08+00:00\",\"description\":\"Anticiper et pr\u00e9voir : pr\u00e9parez votre plan fun\u00e9raire et assurez vos obs\u00e8ques. Les fun\u00e9railles Cals vous expliquent en toute transparence.\",\"inLanguage\":\"fr-BE\",\"potentialAction\":[{\"@type\":\"ReadAction\",\"target\":[\"https:\/\/www.funeraillescals.be\/fr\/anticiper-et-prevoir-cals-sereni\/\"]}]},{\"@type\":\"ImageObject\",\"inLanguage\":\"fr-BE\",\"@id\":\"https:\/\/www.funeraillescals.be\/fr\/anticiper-et-prevoir-cals-sereni\/#primaryimage\",\"url\":\"https:\/\/www.touche.be\/app\/uploads\/sites\/80\/2025\/11\/plan-funeraire-scaled.jpg\",\"contentUrl\":\"https:\/\/www.touche.be\/app\/uploads\/sites\/80\/2025\/11\/plan-funeraire-scaled.jpg\",\"width\":2560,\"height\":1707,\"caption\":\"Bureau avec ordinateur et notes illustrant la pr\u00e9paration anticip\u00e9e d\u2019un plan fun\u00e9raire\"},{\"@type\":\"WebSite\",\"@id\":\"https:\/\/www.funeraillescals.be\/fr\/#website\",\"url\":\"https:\/\/www.funeraillescals.be\/fr\/\",\"name\":\"Cals\",\"description\":\"Just another Sereni site\",\"potentialAction\":[{\"@type\":\"SearchAction\",\"target\":{\"@type\":\"EntryPoint\",\"urlTemplate\":\"https:\/\/www.funeraillescals.be\/fr\/?s={search_term_string}\"},\"query-input\":{\"@type\":\"PropertyValueSpecification\",\"valueRequired\":true,\"valueName\":\"search_term_string\"}}],\"inLanguage\":\"fr-BE\"}]}<\/script>\n<!-- \/ Yoast SEO plugin. -->","yoast_head_json":{"title":"Anticiper et pr\u00e9voir Cals I Sereni","description":"Anticiper et pr\u00e9voir : pr\u00e9parez votre plan fun\u00e9raire et assurez vos obs\u00e8ques. Les fun\u00e9railles Cals vous expliquent en toute transparence.","robots":{"index":"index","follow":"follow","max-snippet":"max-snippet:-1","max-image-preview":"max-image-preview:large","max-video-preview":"max-video-preview:-1"},"canonical":"https:\/\/www.funeraillescals.be\/fr\/anticiper-et-prevoir-cals-sereni\/","og_locale":"fr_FR","og_type":"article","og_title":"Anticiper et pr\u00e9voir Cals I Sereni","og_description":"Anticiper et pr\u00e9voir : pr\u00e9parez votre plan fun\u00e9raire et assurez vos obs\u00e8ques. Les fun\u00e9railles Cals vous expliquent en toute transparence.","og_url":"https:\/\/www.funeraillescals.be\/fr\/anticiper-et-prevoir-cals-sereni\/","og_site_name":"Cals","article_modified_time":"2025-11-20T20:27:08+00:00","og_image":[{"width":1200,"height":628,"url":"https:\/\/www.touche.be\/app\/uploads\/sites\/80\/2025\/11\/meta-anticiper-et-prevoir.png","type":"image\/png"}],"twitter_card":"summary_large_image","twitter_misc":{"Est. reading time":"1 minute"},"schema":{"@context":"https:\/\/schema.org","@graph":[{"@type":"WebPage","@id":"https:\/\/www.funeraillescals.be\/fr\/anticiper-et-prevoir-cals-sereni\/","url":"https:\/\/www.funeraillescals.be\/fr\/anticiper-et-prevoir-cals-sereni\/","name":"Anticiper et pr\u00e9voir Cals I Sereni","isPartOf":{"@id":"https:\/\/www.funeraillescals.be\/fr\/#website"},"primaryImageOfPage":{"@id":"https:\/\/www.funeraillescals.be\/fr\/anticiper-et-prevoir-cals-sereni\/#primaryimage"},"image":{"@id":"https:\/\/www.funeraillescals.be\/fr\/anticiper-et-prevoir-cals-sereni\/#primaryimage"},"thumbnailUrl":"https:\/\/www.touche.be\/app\/uploads\/sites\/80\/2025\/11\/plan-funeraire-scaled.jpg","datePublished":"2022-04-04T14:02:50+00:00","dateModified":"2025-11-20T20:27:08+00:00","description":"Anticiper et pr\u00e9voir : pr\u00e9parez votre plan fun\u00e9raire et assurez vos obs\u00e8ques. Les fun\u00e9railles Cals vous expliquent en toute transparence.","inLanguage":"fr-BE","potentialAction":[{"@type":"ReadAction","target":["https:\/\/www.funeraillescals.be\/fr\/anticiper-et-prevoir-cals-sereni\/"]}]},{"@type":"ImageObject","inLanguage":"fr-BE","@id":"https:\/\/www.funeraillescals.be\/fr\/anticiper-et-prevoir-cals-sereni\/#primaryimage","url":"https:\/\/www.touche.be\/app\/uploads\/sites\/80\/2025\/11\/plan-funeraire-scaled.jpg","contentUrl":"https:\/\/www.touche.be\/app\/uploads\/sites\/80\/2025\/11\/plan-funeraire-scaled.jpg","width":2560,"height":1707,"caption":"Bureau avec ordinateur et notes illustrant la pr\u00e9paration anticip\u00e9e d\u2019un plan fun\u00e9raire"},{"@type":"WebSite","@id":"https:\/\/www.funeraillescals.be\/fr\/#website","url":"https:\/\/www.funeraillescals.be\/fr\/","name":"Cals","description":"Just another Sereni site","potentialAction":[{"@type":"SearchAction","target":{"@type":"EntryPoint","urlTemplate":"https:\/\/www.funeraillescals.be\/fr\/?s={search_term_string}"},"query-input":{"@type":"PropertyValueSpecification","valueRequired":true,"valueName":"search_term_string"}}],"inLanguage":"fr-BE"}]}},"_links":{"self":[{"href":"https:\/\/www.funeraillescals.be\/fr\/wp-json\/wp\/v2\/pages\/24668","targetHints":{"allow":["GET"]}}],"collection":[{"href":"https:\/\/www.funeraillescals.be\/fr\/wp-json\/wp\/v2\/pages"}],"about":[{"href":"https:\/\/www.funeraillescals.be\/fr\/wp-json\/wp\/v2\/types\/page"}],"author":[{"embeddable":true,"href":"https:\/\/www.funeraillescals.be\/fr\/wp-json\/wp\/v2\/users\/1"}],"replies":[{"embeddable":true,"href":"https:\/\/www.funeraillescals.be\/fr\/wp-json\/wp\/v2\/comments?post=24668"}],"version-history":[{"count":12,"href":"https:\/\/www.funeraillescals.be\/fr\/wp-json\/wp\/v2\/pages\/24668\/revisions"}],"predecessor-version":[{"id":82951,"href":"https:\/\/www.funeraillescals.be\/fr\/wp-json\/wp\/v2\/pages\/24668\/revisions\/82951"}],"wp:featuredmedia":[{"embeddable":true,"href":"https:\/\/www.funeraillescals.be\/fr\/wp-json\/wp\/v2\/media\/82750"}],"wp:attachment":[{"href":"https:\/\/www.funeraillescals.be\/fr\/wp-json\/wp\/v2\/media?parent=24668"}],"curies":[{"name":"wp","href":"https:\/\/api.w.org\/{rel}","templated":true}]}}